{"id":5445,"date":"2025-08-26T12:53:52","date_gmt":"2025-08-26T12:53:52","guid":{"rendered":"https:\/\/www.mizuichi.jp\/?post_type=product&#038;p=5445"},"modified":"2025-08-26T12:58:16","modified_gmt":"2025-08-26T12:58:16","slug":"prevent-sand-leakage-durable-cat-toilet-litter-box-secure-odor-removable-plastic-cat-litter-box-easy-clean-35cm41cm-size","status":"publish","type":"product","link":"https:\/\/www.mizuichi.jp\/es\/producto\/prevent-sand-leakage-durable-cat-toilet-litter-box-secure-odor-removable-plastic-cat-litter-box-easy-clean-35cm41cm-size\/","title":{"rendered":"Evita las fugas de arena Caja higi\u00e9nica duradera para gatos Asegura el olor Caja higi\u00e9nica de pl\u00e1stico extra\u00edble para gatos F\u00e1cil de limpiar Tama\u00f1o 35cm41cm"},"content":{"rendered":"<p><img data-src=\"https:\/\/www.mizuichi.jp\/wp-content\/uploads\/2025\/08\/PREVEN2.webp\"\" src=\"data:image\/svg+xml;base64,PHN2ZyB3aWR0aD0iMSIgaGVpZ2h0PSIxIiB4bWxucz0iaHR0cDovL3d3dy53My5vcmcvMjAwMC9zdmciPjwvc3ZnPg==\" class=\"lazyload\" style=\"--smush-placeholder-width: 790px; --smush-placeholder-aspect-ratio: 790\/2142;\"><\/p>\n<p>Esta caja de arena redonda para gatos destaca como una soluci\u00f3n cuidadosamente dise\u00f1ada para los propietarios de gatos, que combina funcionalidad, sentido pr\u00e1ctico y atractivo est\u00e9tico. Aqu\u00ed tienes un desglose de las principales caracter\u00edsticas del producto:<br \/>\n1. Doble - Opciones de tama\u00f1o para mayor versatilidad<br \/>\nDisponible en dos tama\u00f1os, peque\u00f1o (33 cm \u00d7 35 cm \u00d7 14 cm) y grande (37 cm \u00d7 40,5 cm \u00d7 16 cm), el arenero satisface las diferentes necesidades de los felinos. Tanto si tiene un gatito peque\u00f1o, un gato mediano o varios gatos en casa, puede elegir el tama\u00f1o que ofrezca un amplio espacio para moverse, escarbar y girar con comodidad.<br \/>\n2. Atractiva paleta de colores<br \/>\nLa caja sanitaria est\u00e1 disponible en una gama de atractivos colores, como verde, rosa y combinaciones de gris y amarillo. Estas vibrantes tonalidades no s\u00f3lo a\u00f1aden un toque de estilo a la decoraci\u00f3n de su hogar, sino que tambi\u00e9n le permiten seleccionar una opci\u00f3n que complemente su espacio vital, haciendo que la caja de arena sea un complemento visualmente m\u00e1s agradable para su hogar.<br \/>\n3. Cuchara integrada para mayor comodidad<br \/>\nCada caja de arena est\u00e1 equipada con una pala a juego que puede fijarse al lateral de la caja. Este dise\u00f1o garantiza que la pala est\u00e9 siempre al alcance de la mano cuando llegue el momento de limpiar. La propia pala est\u00e1 dise\u00f1ada con orificios del tama\u00f1o adecuado para tamizar eficazmente la arena para gatos, lo que simplifica el proceso de eliminaci\u00f3n de grumos y mantiene la caja de arena higi\u00e9nica.<br \/>\n4. Pedal hueco para minimizar el rastreo de basura<br \/>\nUna caracter\u00edstica destacada es el pedal hueco en el borde de la caja de arena. Cuando los gatos pisan este pedal al salir de la caja, el exceso de arena cae a trav\u00e9s de los orificios de vuelta a la caja. Esto reduce eficazmente la dispersi\u00f3n de la arena, manteniendo el suelo m\u00e1s limpio y minimizando la cantidad de arena esparcida que hay que limpiar alrededor de la caja.<br \/>\n5. Dise\u00f1o de bordes curvados para contener la basura<br \/>\nEl dise\u00f1o curvado del borde de la caja de arena tiene una finalidad pr\u00e1ctica. Ayuda a evitar que la arena salga despedida cuando su gato hace movimientos como escarbar o ara\u00f1ar. Esta caracter\u00edstica de contenci\u00f3n garantiza que la mayor parte de la arena permanezca dentro de la caja, manteniendo un entorno m\u00e1s limpio en su hogar.<br \/>\n6. Material duradero y f\u00e1cil de limpiar<br \/>\nFabricada en pl\u00e1stico de alta calidad, la caja de arena est\u00e1 dise\u00f1ada para soportar un uso regular, incluidos los ara\u00f1azos de los gatos. Las superficies lisas del pl\u00e1stico hacen que sea f\u00e1cil de limpiar, basta con limpiar el interior y el exterior con un pa\u00f1o h\u00famedo para eliminar cualquier suciedad u olor, garantizando un espacio higi\u00e9nico para su amigo felino.<br \/>\nEn resumen, este arenero redondo para gatos ofrece un amplio conjunto de caracter\u00edsticas destinadas a mejorar tanto la comodidad del gato como la del propietario. Con sus opciones de doble tama\u00f1o, atractivos colores, pala integrada, pedal reductor de huellas, bordes rizados y material duradero, es una soluci\u00f3n completa para la gesti\u00f3n de los desechos del gato que no compromete el estilo ni la funcionalidad.<br \/>\n.<\/p>","protected":false},"excerpt":{"rendered":"","protected":false},"featured_media":5446,"template":"","meta":[],"product_brand":[],"product_cat":[130],"product_tag":[],"class_list":{"0":"post-5445","1":"product","2":"type-product","3":"status-publish","4":"has-post-thumbnail","6":"product_cat-cat-litter-box","8":"first","9":"instock","10":"shipping-taxable","11":"product-type-simple"},"_links":{"self":[{"href":"https:\/\/www.mizuichi.jp\/es\/wp-json\/wp\/v2\/product\/5445","targetHints":{"allow":["GET"]}}],"collection":[{"href":"https:\/\/www.mizuichi.jp\/es\/wp-json\/wp\/v2\/product"}],"about":[{"href":"https:\/\/www.mizuichi.jp\/es\/wp-json\/wp\/v2\/types\/product"}],"wp:featuredmedia":[{"embeddable":true,"href":"https:\/\/www.mizuichi.jp\/es\/wp-json\/wp\/v2\/media\/5446"}],"wp:attachment":[{"href":"https:\/\/www.mizuichi.jp\/es\/wp-json\/wp\/v2\/media?parent=5445"}],"wp:term":[{"taxonomy":"product_brand","embeddable":true,"href":"https:\/\/www.mizuichi.jp\/es\/wp-json\/wp\/v2\/product_brand?post=5445"},{"taxonomy":"product_cat","embeddable":true,"href":"https:\/\/www.mizuichi.jp\/es\/wp-json\/wp\/v2\/product_cat?post=5445"},{"taxonomy":"product_tag","embeddable":true,"href":"https:\/\/www.mizuichi.jp\/es\/wp-json\/wp\/v2\/product_tag?post=5445"}],"curies":[{"name":"wp","href":"https:\/\/api.w.org\/{rel}","templated":true}]}}