{"id":5443,"date":"2025-08-25T14:46:23","date_gmt":"2025-08-25T14:46:23","guid":{"rendered":"https:\/\/www.mizuichi.jp\/?post_type=product&#038;p=5443"},"modified":"2025-08-25T14:47:50","modified_gmt":"2025-08-25T14:47:50","slug":"large-space-training-toilet-customized-high-wall-non-stick-smooth-surface-kitty-toilet-tray-cat-litter-box","status":"publish","type":"product","link":"https:\/\/www.mizuichi.jp\/es\/producto\/large-space-training-toilet-customized-high-wall-non-stick-smooth-surface-kitty-toilet-tray-cat-litter-box\/","title":{"rendered":"Gran espacio de formaci\u00f3n de inodoro personalizado de alta pared antiadherente superficie lisa Kitty bandeja de inodoro Cat Litter Box"},"content":{"rendered":"<p><img data-src=\"https:\/\/www.mizuichi.jp\/wp-content\/uploads\/2025\/08\/Large-Space-Training-Toilet-Customized-High-Wall-Non-Stick-Smooth-Surface-Kitty-Toilet-Tray-Cat-Litter-Box1.webp\"\" src=\"data:image\/svg+xml;base64,PHN2ZyB3aWR0aD0iMSIgaGVpZ2h0PSIxIiB4bWxucz0iaHR0cDovL3d3dy53My5vcmcvMjAwMC9zdmciPjwvc3ZnPg==\" class=\"lazyload\" style=\"--smush-placeholder-width: 750px; --smush-placeholder-aspect-ratio: 750\/912;\"><br \/>\n<img data-src=\"https:\/\/www.mizuichi.jp\/wp-content\/uploads\/2025\/08\/Large-Space-Training-Toilet-Customized-High-Wall-Non-Stick-Smooth-Surface-Kitty-Toilet-Tray-Cat-Litter-Box2.webp\"\" src=\"data:image\/svg+xml;base64,PHN2ZyB3aWR0aD0iMSIgaGVpZ2h0PSIxIiB4bWxucz0iaHR0cDovL3d3dy53My5vcmcvMjAwMC9zdmciPjwvc3ZnPg==\" class=\"lazyload\" style=\"--smush-placeholder-width: 750px; --smush-placeholder-aspect-ratio: 750\/958;\"><br \/>\n<img data-src=\"https:\/\/www.mizuichi.jp\/wp-content\/uploads\/2025\/08\/Large-Space-Training-Toilet-Customized-High-Wall-Non-Stick-Smooth-Surface-Kitty-Toilet-Tray-Cat-Litter-Box3.webp\"\" src=\"data:image\/svg+xml;base64,PHN2ZyB3aWR0aD0iMSIgaGVpZ2h0PSIxIiB4bWxucz0iaHR0cDovL3d3dy53My5vcmcvMjAwMC9zdmciPjwvc3ZnPg==\" class=\"lazyload\" style=\"--smush-placeholder-width: 750px; --smush-placeholder-aspect-ratio: 750\/1334;\"><br \/>\nCaracter\u00edsticas del producto: Arenero alto para gatos<br \/>\nEste arenero para gatos de laterales altos cambia las reglas del juego para los propietarios de gatos, ya que combina un dise\u00f1o innovador con una pr\u00e1ctica funcionalidad. A continuaci\u00f3n te detallamos sus caracter\u00edsticas m\u00e1s destacadas:<br \/>\n1. Interior espacioso para la libertad felina<br \/>\nDisponible en dos tama\u00f1os, peque\u00f1o (33 cm \u00d7 41 cm \u00d7 18 cm) y grande (40,5 cm \u00d7 50,5 cm \u00d7 22 cm), el arenero ofrece un amplio espacio para que los gatos se muevan, giren y escarben c\u00f3modamente. Tanto si tiene un gatito peque\u00f1o como un gato adulto grande, el amplio interior garantiza que su amigo felino disponga de suficiente espacio para realizar sus necesidades naturales sin sentirse apretado.<br \/>\n2. Dise\u00f1o alto y transparente<br \/>\nLa estructura de laterales altos, junto con los paneles transparentes, cumple m\u00faltiples funciones. Los lados altos contienen eficazmente la dispersi\u00f3n de la arena, manteniendo limpios los suelos al evitar que la arena sea expulsada durante los movimientos de su gato. Mientras tanto, el material transparente le permite controlar f\u00e1cilmente las actividades de su gato en el interior y comprobar el nivel de arena sin molestar a su mascota.<br \/>\n3. Pala integrada para facilitar la limpieza<br \/>\nCada caja de arena viene con una pala a juego que puede colocarse c\u00f3modamente dentro de la caja. La pala tiene un bonito mango en forma de flor que le da un toque de encanto. Sus orificios bien dise\u00f1ados permiten tamizar eficazmente la arena para gatos, haciendo que el proceso de limpieza sea m\u00e1s r\u00e1pido y c\u00f3modo. Puede eliminar f\u00e1cilmente los grumos y renovar la arena, garantizando un entorno higi\u00e9nico para su gato.<br \/>\n4. Pedal pr\u00e1ctico para reducir el rastreo de basura<br \/>\nEl pedal incorporado es un complemento inteligente. Ayuda a evitar la acumulaci\u00f3n de arena, ya que permite a los gatos sacudirse el exceso de arena antes de salir de la caja. Esta caracter\u00edstica mantiene el suelo m\u00e1s limpio y reduce la cantidad de arena que hay que limpiar alrededor de la caja, simplificando la rutina de limpieza diaria.<br \/>\n5. Material duradero y seguro<br \/>\nFabricada en pl\u00e1stico duradero de alta calidad, la caja de arena est\u00e1 dise\u00f1ada para soportar el uso regular y los ara\u00f1azos de los gatos. El material es seguro para su amigo felino, lo que garantiza un uso a largo plazo sin preocuparse por sustancias nocivas. Tambi\u00e9n es f\u00e1cil de limpiar: basta con pasar un pa\u00f1o por el interior y el exterior para eliminar cualquier suciedad u olor.<br \/>\n6. Est\u00e9tica elegante para complementar su hogar<br \/>\nCon su moderno dise\u00f1o a cuadros y la frase \"Nice Day\", la caja de arena a\u00f1ade un toque de estilo a la decoraci\u00f3n de su hogar. Disponible en atractivos colores como el verde menta y el beige, puede combinarse a la perfecci\u00f3n con varios estilos de interior, lo que la convierte no solo en un accesorio funcional para mascotas, sino tambi\u00e9n en un complemento visualmente agradable para tu espacio vital.<br \/>\nEn conclusi\u00f3n, este arenero alto para gatos ofrece una combinaci\u00f3n perfecta de espacio, comodidad, limpieza y estilo. Su interior espacioso, su dise\u00f1o alto y transparente, su recogedor integrado, su pr\u00e1ctico pedal, su material duradero y su est\u00e9tica elegante la convierten en la opci\u00f3n ideal para los due\u00f1os de gatos que quieren lo mejor para sus mascotas y sus hogares.<\/p>","protected":false},"excerpt":{"rendered":"","protected":false},"featured_media":5439,"template":"","meta":[],"product_brand":[],"product_cat":[130],"product_tag":[],"class_list":{"0":"post-5443","1":"product","2":"type-product","3":"status-publish","4":"has-post-thumbnail","6":"product_cat-cat-litter-box","8":"first","9":"instock","10":"shipping-taxable","11":"product-type-simple"},"_links":{"self":[{"href":"https:\/\/www.mizuichi.jp\/es\/wp-json\/wp\/v2\/product\/5443","targetHints":{"allow":["GET"]}}],"collection":[{"href":"https:\/\/www.mizuichi.jp\/es\/wp-json\/wp\/v2\/product"}],"about":[{"href":"https:\/\/www.mizuichi.jp\/es\/wp-json\/wp\/v2\/types\/product"}],"wp:featuredmedia":[{"embeddable":true,"href":"https:\/\/www.mizuichi.jp\/es\/wp-json\/wp\/v2\/media\/5439"}],"wp:attachment":[{"href":"https:\/\/www.mizuichi.jp\/es\/wp-json\/wp\/v2\/media?parent=5443"}],"wp:term":[{"taxonomy":"product_brand","embeddable":true,"href":"https:\/\/www.mizuichi.jp\/es\/wp-json\/wp\/v2\/product_brand?post=5443"},{"taxonomy":"product_cat","embeddable":true,"href":"https:\/\/www.mizuichi.jp\/es\/wp-json\/wp\/v2\/product_cat?post=5443"},{"taxonomy":"product_tag","embeddable":true,"href":"https:\/\/www.mizuichi.jp\/es\/wp-json\/wp\/v2\/product_tag?post=5443"}],"curies":[{"name":"wp","href":"https:\/\/api.w.org\/{rel}","templated":true}]}}