{"id":5435,"date":"2025-08-25T14:37:16","date_gmt":"2025-08-25T14:37:16","guid":{"rendered":"https:\/\/www.mizuichi.jp\/?post_type=product&#038;p=5435"},"modified":"2025-08-25T14:40:28","modified_gmt":"2025-08-25T14:40:28","slug":"hot-sale-pet-products-cleaning-plastic-cats-toilet-box-trays-simple-cute-cat-head-cat-litter-box","status":"publish","type":"product","link":"https:\/\/www.mizuichi.jp\/es\/producto\/hot-sale-pet-products-cleaning-plastic-cats-toilet-box-trays-simple-cute-cat-head-cat-litter-box\/","title":{"rendered":"Hot Sale Productos para Mascotas Limpieza de Pl\u00e1stico Gatos Caja de Aseo Bandejas Simple Cute Cat Head Cat Litter Box"},"content":{"rendered":"<p><img data-src=\"https:\/\/www.mizuichi.jp\/wp-content\/uploads\/2025\/08\/Hot-Sale-Pet-Products-Cleaning-Plastic-Cats-Toilet-Box-Trays-Simple-Cute-Cat-Head-Cat-Litter-Box1.webp\"\" src=\"data:image\/svg+xml;base64,PHN2ZyB3aWR0aD0iMSIgaGVpZ2h0PSIxIiB4bWxucz0iaHR0cDovL3d3dy53My5vcmcvMjAwMC9zdmciPjwvc3ZnPg==\" class=\"lazyload\" style=\"--smush-placeholder-width: 800px; --smush-placeholder-aspect-ratio: 800\/800;\"><br \/>\n<img data-src=\"https:\/\/www.mizuichi.jp\/wp-content\/uploads\/2025\/08\/Hot-Sale-Pet-Products-Cleaning-Plastic-Cats-Toilet-Box-Trays-Simple-Cute-Cat-Head-Cat-Litter-Box2.webp\"\" src=\"data:image\/svg+xml;base64,PHN2ZyB3aWR0aD0iMSIgaGVpZ2h0PSIxIiB4bWxucz0iaHR0cDovL3d3dy53My5vcmcvMjAwMC9zdmciPjwvc3ZnPg==\" class=\"lazyload\" style=\"--smush-placeholder-width: 800px; --smush-placeholder-aspect-ratio: 800\/800;\"><br \/>\n<img data-src=\"https:\/\/www.mizuichi.jp\/wp-content\/uploads\/2025\/08\/Hot-Sale-Pet-Products-Cleaning-Plastic-Cats-Toilet-Box-Trays-Simple-Cute-Cat-Head-Cat-Litter-Box3.webp\"\" src=\"data:image\/svg+xml;base64,PHN2ZyB3aWR0aD0iMSIgaGVpZ2h0PSIxIiB4bWxucz0iaHR0cDovL3d3dy53My5vcmcvMjAwMC9zdmciPjwvc3ZnPg==\" class=\"lazyload\" style=\"--smush-placeholder-width: 800px; --smush-placeholder-aspect-ratio: 800\/800;\"><br \/>\n<img data-src=\"https:\/\/www.mizuichi.jp\/wp-content\/uploads\/2025\/08\/Hot-Sale-Pet-Products-Cleaning-Plastic-Cats-Toilet-Box-Trays-Simple-Cute-Cat-Head-Cat-Litter-Box4.webp\"\" src=\"data:image\/svg+xml;base64,PHN2ZyB3aWR0aD0iMSIgaGVpZ2h0PSIxIiB4bWxucz0iaHR0cDovL3d3dy53My5vcmcvMjAwMC9zdmciPjwvc3ZnPg==\" class=\"lazyload\" style=\"--smush-placeholder-width: 800px; --smush-placeholder-aspect-ratio: 800\/800;\"><br \/>\n<img data-src=\"https:\/\/www.mizuichi.jp\/wp-content\/uploads\/2025\/08\/Hot-Sale-Pet-Products-Cleaning-Plastic-Cats-Toilet-Box-Trays-Simple-Cute-Cat-Head-Cat-Litter-Box5.webp\"\" src=\"data:image\/svg+xml;base64,PHN2ZyB3aWR0aD0iMSIgaGVpZ2h0PSIxIiB4bWxucz0iaHR0cDovL3d3dy53My5vcmcvMjAwMC9zdmciPjwvc3ZnPg==\" class=\"lazyload\" style=\"--smush-placeholder-width: 800px; --smush-placeholder-aspect-ratio: 800\/800;\"><br \/>\n<img data-src=\"https:\/\/www.mizuichi.jp\/wp-content\/uploads\/2025\/08\/Hot-Sale-Pet-Products-Cleaning-Plastic-Cats-Toilet-Box-Trays-Simple-Cute-Cat-Head-Cat-Litter-Box6.webp\"\" src=\"data:image\/svg+xml;base64,PHN2ZyB3aWR0aD0iMSIgaGVpZ2h0PSIxIiB4bWxucz0iaHR0cDovL3d3dy53My5vcmcvMjAwMC9zdmciPjwvc3ZnPg==\" class=\"lazyload\" style=\"--smush-placeholder-width: 800px; --smush-placeholder-aspect-ratio: 800\/800;\"><br \/>\n<img data-src=\"https:\/\/www.mizuichi.jp\/wp-content\/uploads\/2025\/08\/Hot-Sale-Pet-Products-Cleaning-Plastic-Cats-Toilet-Box-Trays-Simple-Cute-Cat-Head-Cat-Litter-Box7.webp\"\" src=\"data:image\/svg+xml;base64,PHN2ZyB3aWR0aD0iMSIgaGVpZ2h0PSIxIiB4bWxucz0iaHR0cDovL3d3dy53My5vcmcvMjAwMC9zdmciPjwvc3ZnPg==\" class=\"lazyload\" style=\"--smush-placeholder-width: 800px; --smush-placeholder-aspect-ratio: 800\/800;\"><br \/>\n<img data-src=\"https:\/\/www.mizuichi.jp\/wp-content\/uploads\/2025\/08\/Hot-Sale-Pet-Products-Cleaning-Plastic-Cats-Toilet-Box-Trays-Simple-Cute-Cat-Head-Cat-Litter-Box8.webp\"\" src=\"data:image\/svg+xml;base64,PHN2ZyB3aWR0aD0iMSIgaGVpZ2h0PSIxIiB4bWxucz0iaHR0cDovL3d3dy53My5vcmcvMjAwMC9zdmciPjwvc3ZnPg==\" class=\"lazyload\" style=\"--smush-placeholder-width: 800px; --smush-placeholder-aspect-ratio: 800\/800;\"><br \/>\nCaracter\u00edsticas del producto: Caja de arena cerrada para gatos<br \/>\nEsta caja sanitaria cerrada para gatos es una soluci\u00f3n cuidadosamente dise\u00f1ada para los propietarios de gatos, que integra funcionalidad, comodidad y estilo. Estas son las principales caracter\u00edsticas del producto:<br \/>\n1. Dise\u00f1o espacioso y cerrado<br \/>\nLa caja de arena ofrece un generoso espacio interior, proporcionando a los gatos un amplio espacio para moverse, girar y escarbar c\u00f3modamente. La estructura cerrada crea un entorno privado, similar a un cubil, que ayuda a reducir el estr\u00e9s de los gatos, especialmente de los m\u00e1s t\u00edmidos. Tambi\u00e9n contiene eficazmente los olores y minimiza la dispersi\u00f3n de la arena, manteniendo m\u00e1s limpio su espacio vital.<br \/>\n2. Forma bonita y funcional<br \/>\nCon su adorable tapa en forma de oreja de gato, la caja de arena a\u00f1ade un toque de encanto a la decoraci\u00f3n de su hogar. M\u00e1s all\u00e1 de la est\u00e9tica, la forma es pr\u00e1ctica: los bordes elevados evitan que la arena se derrame y facilitan el acceso a su gato. Combina la belleza con la funcionalidad, lo que la convierte en un complemento visualmente atractivo para cualquier hogar con gatos.<br \/>\n3. M\u00faltiples opciones de color<br \/>\nDisponible en una gama de atractivos colores como amarillo y azul, rosa y verde menta y verde azulado, puede elegir el que mejor combine con el estilo de su hogar. Esta variedad te permite personalizar el espacio de tu gato y, al mismo tiempo, garantizar que la caja de arena complemente tu dise\u00f1o interior.<br \/>\n4. Pala integrada y c\u00f3modo almacenamiento<br \/>\nCada caja de arena viene con una pala a juego que puede fijarse c\u00f3modamente al lateral o guardarse dentro de la caja. La pala tiene un bonito mango en forma de flor que le da un toque est\u00e9tico. Los orificios de la pala permiten tamizar eficazmente la arena para gatos, lo que facilita y agiliza el proceso de limpieza.<br \/>\n5. Dos opciones de tama\u00f1o para diferentes necesidades<br \/>\nEl producto est\u00e1 disponible en dos tama\u00f1os. El tama\u00f1o m\u00e1s grande (51 cm de largo, 41,5 cm de ancho y 26 cm de alto) es adecuado para gatos grandes o para hogares con varios gatos. El tama\u00f1o m\u00e1s peque\u00f1o (35 cm de largo, 43,5 cm de ancho y 23 cm de alto) es perfecto para gatos m\u00e1s peque\u00f1os o espacios limitados. Esta flexibilidad garantiza que haya una opci\u00f3n para cada situaci\u00f3n.<br \/>\n6. Material duradero y f\u00e1cil de limpiar<br \/>\nFabricada en pl\u00e1stico duradero de alta calidad, la caja de arena resiste el uso regular y los ara\u00f1azos de los gatos. Las superficies lisas facilitan la limpieza: basta con limpiar el interior y el exterior para eliminar cualquier suciedad u olor, garantizando un entorno higi\u00e9nico para su amigo felino.<br \/>\nEn resumen, esta caja sanitaria cerrada para gatos ofrece una combinaci\u00f3n ganadora de comodidad para los gatos, conveniencia para los due\u00f1os y estilo para su hogar. Su dise\u00f1o espacioso, aspecto atractivo, m\u00faltiples opciones de color y tama\u00f1o, recogedor integrado y material duradero la convierten en la mejor opci\u00f3n para los due\u00f1os de gatos que buscan una soluci\u00f3n funcional y atractiva.<\/p>","protected":false},"excerpt":{"rendered":"<p>Product Features: Enclosed Cat Litter Box This enclosed cat litter box is a thoughtfully designed solution for cat owners, integrating functionality, comfort, and style. Here are its key product features: 1. Spacious and Enclosed Design The litter box offers a &hellip; <a href=\"https:\/\/www.mizuichi.jp\/es\/producto\/hot-sale-pet-products-cleaning-plastic-cats-toilet-box-trays-simple-cute-cat-head-cat-litter-box\/\">Leer m\u00e1s<\/a><\/p>","protected":false},"featured_media":5429,"template":"","meta":[],"product_brand":[],"product_cat":[130],"product_tag":[],"class_list":{"0":"post-5435","1":"product","2":"type-product","3":"status-publish","4":"has-post-thumbnail","6":"product_cat-cat-litter-box","8":"first","9":"instock","10":"shipping-taxable","11":"product-type-simple"},"_links":{"self":[{"href":"https:\/\/www.mizuichi.jp\/es\/wp-json\/wp\/v2\/product\/5435","targetHints":{"allow":["GET"]}}],"collection":[{"href":"https:\/\/www.mizuichi.jp\/es\/wp-json\/wp\/v2\/product"}],"about":[{"href":"https:\/\/www.mizuichi.jp\/es\/wp-json\/wp\/v2\/types\/product"}],"wp:featuredmedia":[{"embeddable":true,"href":"https:\/\/www.mizuichi.jp\/es\/wp-json\/wp\/v2\/media\/5429"}],"wp:attachment":[{"href":"https:\/\/www.mizuichi.jp\/es\/wp-json\/wp\/v2\/media?parent=5435"}],"wp:term":[{"taxonomy":"product_brand","embeddable":true,"href":"https:\/\/www.mizuichi.jp\/es\/wp-json\/wp\/v2\/product_brand?post=5435"},{"taxonomy":"product_cat","embeddable":true,"href":"https:\/\/www.mizuichi.jp\/es\/wp-json\/wp\/v2\/product_cat?post=5435"},{"taxonomy":"product_tag","embeddable":true,"href":"https:\/\/www.mizuichi.jp\/es\/wp-json\/wp\/v2\/product_tag?post=5435"}],"curies":[{"name":"wp","href":"https:\/\/api.w.org\/{rel}","templated":true}]}}