{"id":5427,"date":"2025-08-25T14:29:42","date_gmt":"2025-08-25T14:29:42","guid":{"rendered":"https:\/\/www.mizuichi.jp\/?post_type=product&#038;p=5427"},"modified":"2025-08-25T14:32:29","modified_gmt":"2025-08-25T14:32:29","slug":"hot-sale-pet-products-cleaning-plastic-cat-toilet-box-trays-simple-cat-litter-box","status":"publish","type":"product","link":"https:\/\/www.mizuichi.jp\/es\/producto\/hot-sale-pet-products-cleaning-plastic-cat-toilet-box-trays-simple-cat-litter-box\/","title":{"rendered":"Hot Sale Productos para Mascotas Limpieza de Bandejas de Pl\u00e1stico Caja de Aseo para Gatos Caja de Arena Simple para Gatos"},"content":{"rendered":"<p><img data-src=\"https:\/\/www.mizuichi.jp\/wp-content\/uploads\/2025\/08\/Hot-Sale-Pet-Products-Cleaning-Plastic-Cat-Toilet-Box-Trays-Simple-Cat-Litter-Box1.webp\"\" src=\"data:image\/svg+xml;base64,PHN2ZyB3aWR0aD0iMSIgaGVpZ2h0PSIxIiB4bWxucz0iaHR0cDovL3d3dy53My5vcmcvMjAwMC9zdmciPjwvc3ZnPg==\" class=\"lazyload\" style=\"--smush-placeholder-width: 790px; --smush-placeholder-aspect-ratio: 790\/1232;\"><br \/>\n<img data-src=\"https:\/\/www.mizuichi.jp\/wp-content\/uploads\/2025\/08\/Hot-Sale-Pet-Products-Cleaning-Plastic-Cat-Toilet-Box-Trays-Simple-Cat-Litter-Box2.webp\"\" src=\"data:image\/svg+xml;base64,PHN2ZyB3aWR0aD0iMSIgaGVpZ2h0PSIxIiB4bWxucz0iaHR0cDovL3d3dy53My5vcmcvMjAwMC9zdmciPjwvc3ZnPg==\" class=\"lazyload\" style=\"--smush-placeholder-width: 790px; --smush-placeholder-aspect-ratio: 790\/1158;\"><br \/>\n<img data-src=\"https:\/\/www.mizuichi.jp\/wp-content\/uploads\/2025\/08\/Hot-Sale-Pet-Products-Cleaning-Plastic-Cat-Toilet-Box-Trays-Simple-Cat-Litter-Box3.webp\"\" src=\"data:image\/svg+xml;base64,PHN2ZyB3aWR0aD0iMSIgaGVpZ2h0PSIxIiB4bWxucz0iaHR0cDovL3d3dy53My5vcmcvMjAwMC9zdmciPjwvc3ZnPg==\" class=\"lazyload\" style=\"--smush-placeholder-width: 800px; --smush-placeholder-aspect-ratio: 800\/800;\"><br \/>\n<img data-src=\"https:\/\/www.mizuichi.jp\/wp-content\/uploads\/2025\/08\/Hot-Sale-Pet-Products-Cleaning-Plastic-Cat-Toilet-Box-Trays-Simple-Cat-Litter-Box4.webp\"\" src=\"data:image\/svg+xml;base64,PHN2ZyB3aWR0aD0iMSIgaGVpZ2h0PSIxIiB4bWxucz0iaHR0cDovL3d3dy53My5vcmcvMjAwMC9zdmciPjwvc3ZnPg==\" class=\"lazyload\" style=\"--smush-placeholder-width: 800px; --smush-placeholder-aspect-ratio: 800\/800;\"><br \/>\n<img data-src=\"https:\/\/www.mizuichi.jp\/wp-content\/uploads\/2025\/08\/Hot-Sale-Pet-Products-Cleaning-Plastic-Cat-Toilet-Box-Trays-Simple-Cat-Litter-Box5.webp\"\" src=\"data:image\/svg+xml;base64,PHN2ZyB3aWR0aD0iMSIgaGVpZ2h0PSIxIiB4bWxucz0iaHR0cDovL3d3dy53My5vcmcvMjAwMC9zdmciPjwvc3ZnPg==\" class=\"lazyload\" style=\"--smush-placeholder-width: 800px; --smush-placeholder-aspect-ratio: 800\/800;\"><br \/>\nCaracter\u00edsticas del producto: Caja de arena abierta para gatos<br \/>\nEste arenero abierto para gatos es una soluci\u00f3n bien dise\u00f1ada para los propietarios de gatos, que combina funcionalidad, est\u00e9tica y comodidad. Estas son las caracter\u00edsticas m\u00e1s destacadas del producto:<br \/>\n1. Interior espacioso y confortable<br \/>\nLa caja de arena ofrece un amplio espacio interior que permite a los gatos moverse, girar y escarbar libremente. Los gatos necesitan espacio suficiente para realizar sus conductas naturales durante el uso del arenero, y este dise\u00f1o garantiza que se sientan c\u00f3modos y sin restricciones, reduciendo el estr\u00e9s asociado a un entorno estrecho. Tanto si tiene un gatito peque\u00f1o como un gato adulto grande, el amplio espacio puede satisfacer sus necesidades.<br \/>\n2. Est\u00e9tica elegante y moderna<br \/>\nDisponible en una variedad de suaves colores pastel como el morado claro, el verde y el azul, la caja de arena puede combinarse f\u00e1cilmente con diferentes estilos de decoraci\u00f3n del hogar. El dise\u00f1o en dos tonos (con un borde blanco y una base de color) a\u00f1ade un toque de modernidad y elegancia. No es una molestia para la vista, sino que puede complementar el dise\u00f1o interior de su hogar, lo que la convierte en una opci\u00f3n m\u00e1s atractiva que las tradicionales cajas de arena lisas.<br \/>\n3. Scoop integrado y dise\u00f1o pr\u00e1ctico<br \/>\nCada caja de arena viene con una pala a juego que puede colocarse c\u00f3modamente dentro de la caja. La pala tiene un simp\u00e1tico dise\u00f1o de patas de gato en el mango, que a\u00f1ade un elemento l\u00fadico. Los orificios de la pala est\u00e1n bien dimensionados para tamizar eficazmente la arena para gatos, lo que agiliza y facilita el proceso de limpieza. El dise\u00f1o abierto de la parte superior tambi\u00e9n facilita el acceso al recoger los residuos, eliminando la molestia de tener que lidiar con espacios cerrados.<br \/>\n4. Material duradero y de alta calidad<br \/>\nFabricada en pl\u00e1stico resistente, la caja sanitaria est\u00e1 hecha para soportar un uso regular. Soporta los ara\u00f1azos y el movimiento de los gatos sin agrietarse ni romperse con facilidad. El material de alta calidad tambi\u00e9n hace que sea f\u00e1cil de limpiar: basta con pasar un pa\u00f1o por la superficie para eliminar cualquier resto de arena o mancha, garantizando un entorno higi\u00e9nico para su gato.<br \/>\n5. Apilable y ahorra espacio<br \/>\nEl dise\u00f1o de la caja sanitaria permite apilarla f\u00e1cilmente. Cuando tenga varios gatos o necesite almacenar cajas higi\u00e9nicas adicionales, puede apilarlas ordenadamente, ahorrando un valioso espacio en su hogar. Esto es especialmente \u00fatil para apartamentos peque\u00f1os o casas con zonas de almacenamiento limitadas.<br \/>\n6. Dise\u00f1o de entrada baja para facilitar el acceso<br \/>\nEl lado de entrada bajo de la caja sanitaria permite un acceso f\u00e1cil para gatos de todas las edades y capacidades f\u00edsicas. Los gatitos, gatos mayores o gatos con problemas de movilidad pueden entrar y salir de la caja sin dificultad, reduciendo el riesgo de accidentes o molestias.<br \/>\nEn conclusi\u00f3n, este arenero abierto para gatos ofrece una combinaci\u00f3n perfecta de comodidad para los gatos y conveniencia para los due\u00f1os. Su interior espacioso, su aspecto elegante, la pala integrada, su durabilidad, su dise\u00f1o apilable y su f\u00e1cil acceso la convierten en la mejor elecci\u00f3n para los due\u00f1os de gatos que buscan una soluci\u00f3n funcional y est\u00e9ticamente agradable.<\/p>","protected":false},"excerpt":{"rendered":"","protected":false},"featured_media":5422,"template":"","meta":[],"product_brand":[],"product_cat":[130],"product_tag":[],"class_list":{"0":"post-5427","1":"product","2":"type-product","3":"status-publish","4":"has-post-thumbnail","6":"product_cat-cat-litter-box","8":"first","9":"instock","10":"shipping-taxable","11":"product-type-simple"},"_links":{"self":[{"href":"https:\/\/www.mizuichi.jp\/es\/wp-json\/wp\/v2\/product\/5427","targetHints":{"allow":["GET"]}}],"collection":[{"href":"https:\/\/www.mizuichi.jp\/es\/wp-json\/wp\/v2\/product"}],"about":[{"href":"https:\/\/www.mizuichi.jp\/es\/wp-json\/wp\/v2\/types\/product"}],"wp:featuredmedia":[{"embeddable":true,"href":"https:\/\/www.mizuichi.jp\/es\/wp-json\/wp\/v2\/media\/5422"}],"wp:attachment":[{"href":"https:\/\/www.mizuichi.jp\/es\/wp-json\/wp\/v2\/media?parent=5427"}],"wp:term":[{"taxonomy":"product_brand","embeddable":true,"href":"https:\/\/www.mizuichi.jp\/es\/wp-json\/wp\/v2\/product_brand?post=5427"},{"taxonomy":"product_cat","embeddable":true,"href":"https:\/\/www.mizuichi.jp\/es\/wp-json\/wp\/v2\/product_cat?post=5427"},{"taxonomy":"product_tag","embeddable":true,"href":"https:\/\/www.mizuichi.jp\/es\/wp-json\/wp\/v2\/product_tag?post=5427"}],"curies":[{"name":"wp","href":"https:\/\/api.w.org\/{rel}","templated":true}]}}