{"id":5413,"date":"2025-08-25T14:13:25","date_gmt":"2025-08-25T14:13:25","guid":{"rendered":"https:\/\/www.mizuichi.jp\/?post_type=product&#038;p=5413"},"modified":"2025-08-25T14:23:38","modified_gmt":"2025-08-25T14:23:38","slug":"fully-enclosed-plastic-cat-litter-box-with-splash-proof-feature-semi-closed-toilet-for-pet-cats","status":"publish","type":"product","link":"https:\/\/www.mizuichi.jp\/es\/producto\/fully-enclosed-plastic-cat-litter-box-with-splash-proof-feature-semi-closed-toilet-for-pet-cats\/","title":{"rendered":"Arenero de pl\u00e1stico totalmente cerrado con retrete semicerrado a prueba de salpicaduras para gatos dom\u00e9sticos"},"content":{"rendered":"<p><img data-src=\"https:\/\/www.mizuichi.jp\/wp-content\/uploads\/2025\/08\/Fully-Enclosed-Plastic-Cat-Litter-Box-with-Splash-Proof-Feature-Semi-Closed-Toilet-for-Pet-Cats1.webp\"\" src=\"data:image\/svg+xml;base64,PHN2ZyB3aWR0aD0iMSIgaGVpZ2h0PSIxIiB4bWxucz0iaHR0cDovL3d3dy53My5vcmcvMjAwMC9zdmciPjwvc3ZnPg==\" class=\"lazyload\" style=\"--smush-placeholder-width: 800px; --smush-placeholder-aspect-ratio: 800\/800;\"><br \/>\n<img data-src=\"https:\/\/www.mizuichi.jp\/wp-content\/uploads\/2025\/08\/Fully-Enclosed-Plastic-Cat-Litter-Box-with-Splash-Proof-Feature-Semi-Closed-Toilet-for-Pet-Cats2.webp\"\" src=\"data:image\/svg+xml;base64,PHN2ZyB3aWR0aD0iMSIgaGVpZ2h0PSIxIiB4bWxucz0iaHR0cDovL3d3dy53My5vcmcvMjAwMC9zdmciPjwvc3ZnPg==\" class=\"lazyload\" style=\"--smush-placeholder-width: 800px; --smush-placeholder-aspect-ratio: 800\/800;\"><br \/>\n<img data-src=\"https:\/\/www.mizuichi.jp\/wp-content\/uploads\/2025\/08\/Fully-Enclosed-Plastic-Cat-Litter-Box-with-Splash-Proof-Feature-Semi-Closed-Toilet-for-Pet-Cats3.webp\"\" src=\"data:image\/svg+xml;base64,PHN2ZyB3aWR0aD0iMSIgaGVpZ2h0PSIxIiB4bWxucz0iaHR0cDovL3d3dy53My5vcmcvMjAwMC9zdmciPjwvc3ZnPg==\" class=\"lazyload\" style=\"--smush-placeholder-width: 800px; --smush-placeholder-aspect-ratio: 800\/800;\"><br \/>\n<img data-src=\"https:\/\/www.mizuichi.jp\/wp-content\/uploads\/2025\/08\/Fully-Enclosed-Plastic-Cat-Litter-Box-with-Splash-Proof-Feature-Semi-Closed-Toilet-for-Pet-Cats4.webp\"\" src=\"data:image\/svg+xml;base64,PHN2ZyB3aWR0aD0iMSIgaGVpZ2h0PSIxIiB4bWxucz0iaHR0cDovL3d3dy53My5vcmcvMjAwMC9zdmciPjwvc3ZnPg==\" class=\"lazyload\" style=\"--smush-placeholder-width: 800px; --smush-placeholder-aspect-ratio: 800\/800;\"><br \/>\n<img data-src=\"https:\/\/www.mizuichi.jp\/wp-content\/uploads\/2025\/08\/Fully-Enclosed-Plastic-Cat-Litter-Box-with-Splash-Proof-Feature-Semi-Closed-Toilet-for-Pet-Cats5.webp\"\" src=\"data:image\/svg+xml;base64,PHN2ZyB3aWR0aD0iMSIgaGVpZ2h0PSIxIiB4bWxucz0iaHR0cDovL3d3dy53My5vcmcvMjAwMC9zdmciPjwvc3ZnPg==\" class=\"lazyload\" style=\"--smush-placeholder-width: 800px; --smush-placeholder-aspect-ratio: 800\/873;\"><br \/>\n<img data-src=\"https:\/\/www.mizuichi.jp\/wp-content\/uploads\/2025\/08\/Fully-Enclosed-Plastic-Cat-Litter-Box-with-Splash-Proof-Feature-Semi-Closed-Toilet-for-Pet-Cats6.webp\"\" src=\"data:image\/svg+xml;base64,PHN2ZyB3aWR0aD0iMSIgaGVpZ2h0PSIxIiB4bWxucz0iaHR0cDovL3d3dy53My5vcmcvMjAwMC9zdmciPjwvc3ZnPg==\" class=\"lazyload\" style=\"--smush-placeholder-width: 800px; --smush-placeholder-aspect-ratio: 800\/800;\"><br \/>\nCaracter\u00edsticas de la caja sanitaria cerrada para gatos<br \/>\nEsta caja de arena cerrada para gatos es un punto de inflexi\u00f3n para los propietarios de gatos, ya que cuenta con una serie de caracter\u00edsticas bien pensadas que priorizan tanto la comodidad del felino como la del ser humano.<br \/>\n1. Dise\u00f1o espacioso y cerrado<br \/>\nLa caja ofrece un interior espacioso, proporcionando a los gatos un amplio espacio para moverse y hacer sus necesidades c\u00f3modamente. La estructura cerrada da a los gatos una sensaci\u00f3n de seguridad, imitando un entorno privado. Esto ayuda a reducir el estr\u00e9s de los gatos m\u00e1s asustadizos, fomentando su uso regular. Las paredes opacas tambi\u00e9n ayudan a contener los olores y evitan que la arena sea expulsada, manteniendo su hogar m\u00e1s limpio.<br \/>\n2. Sistema de cajones f\u00e1cil de usar<br \/>\nUna de sus caracter\u00edsticas m\u00e1s destacadas es el caj\u00f3n extra\u00edble de la parte inferior. La limpieza se convierte en un juego de ni\u00f1os: basta con sacar el caj\u00f3n, tirar la arena usada y volver a llenarlo. Este dise\u00f1o elimina la necesidad de levantar pesadas cajas llenas de arena, ahorr\u00e1ndole tiempo y dinero. El caj\u00f3n tiene un mecanismo de deslizamiento suave que garantiza un f\u00e1cil acceso y un mantenimiento sin complicaciones.<br \/>\n3. Ventilaci\u00f3n y control de olores<br \/>\nLa ventilaci\u00f3n adecuada est\u00e1 integrada en el dise\u00f1o. La parte superior de la caja tiene una zona perforada que permite la circulaci\u00f3n del aire, reduciendo la acumulaci\u00f3n de olores desagradables. Esto, combinado con la estructura cerrada, ayuda a mantener el \u00e1rea circundante con un olor fresco. No tendr\u00e1 que preocuparse de que los olores fuertes impregnen su espacio vital, incluso si varios gatos utilizan la caja.<br \/>\n4. Est\u00e9tica elegante y discreta<br \/>\nCon su aspecto elegante y moderno, esta caja de arena se integra perfectamente en la decoraci\u00f3n de su hogar. Disponible en colores neutros y con forma de cubo compacto, no molesta a la vista. Tanto si se coloca en un rinc\u00f3n del sal\u00f3n como en una zona exclusiva para mascotas, mantiene un aspecto discreto, lo que la convierte en una opci\u00f3n m\u00e1s atractiva que las antiest\u00e9ticas cajas de arena tradicionales.<br \/>\n5. M\u00faltiples opciones de color para personalizaci\u00f3n<br \/>\nPara adaptarse a diferentes gustos y decoraciones dom\u00e9sticas, la caja de arena est\u00e1 disponible en varios colores para la puerta y el tirador del caj\u00f3n. Puedes elegir el que mejor se adapte a tu estilo, a\u00f1adiendo un toque de personalizaci\u00f3n y manteniendo la cohesi\u00f3n del conjunto.<br \/>\n6. Construcci\u00f3n robusta y duradera<br \/>\nFabricada en pl\u00e1stico duradero de alta calidad, esta caja sanitaria est\u00e1 hecha para durar. Puede soportar un uso regular, incluidos los ara\u00f1azos y el movimiento de los gatos en su interior. El robusto material garantiza que la caja conserve su forma y funcionalidad con el paso del tiempo, proporcionando un valor a largo plazo para los propietarios de gatos.<br \/>\nEn resumen, esta caja sanitaria cerrada para gatos combina practicidad, comodidad y estilo. Resuelve los problemas m\u00e1s comunes de los due\u00f1os de gatos, como la limpieza engorrosa y los olores, al tiempo que satisface la necesidad de un espacio seguro. Es imprescindible para cualquiera que desee mejorar su rutina de cuidado de los gatos y mantener su hogar limpio y ordenado.<\/p>","protected":false},"excerpt":{"rendered":"<p>Features of the Enclosed Cat Litter Box This enclosed cat litter box is a game &#8211; changer for cat owners, boasting a range of well &#8211; thought &#8211; out features that prioritize both feline comfort and human convenience. 1. Spacious &hellip; <a href=\"https:\/\/www.mizuichi.jp\/es\/producto\/fully-enclosed-plastic-cat-litter-box-with-splash-proof-feature-semi-closed-toilet-for-pet-cats\/\">Leer m\u00e1s<\/a><\/p>","protected":false},"featured_media":5414,"template":"","meta":[],"product_brand":[],"product_cat":[130],"product_tag":[],"class_list":{"0":"post-5413","1":"product","2":"type-product","3":"status-publish","4":"has-post-thumbnail","6":"product_cat-cat-litter-box","8":"first","9":"instock","10":"shipping-taxable","11":"product-type-simple"},"_links":{"self":[{"href":"https:\/\/www.mizuichi.jp\/es\/wp-json\/wp\/v2\/product\/5413","targetHints":{"allow":["GET"]}}],"collection":[{"href":"https:\/\/www.mizuichi.jp\/es\/wp-json\/wp\/v2\/product"}],"about":[{"href":"https:\/\/www.mizuichi.jp\/es\/wp-json\/wp\/v2\/types\/product"}],"wp:featuredmedia":[{"embeddable":true,"href":"https:\/\/www.mizuichi.jp\/es\/wp-json\/wp\/v2\/media\/5414"}],"wp:attachment":[{"href":"https:\/\/www.mizuichi.jp\/es\/wp-json\/wp\/v2\/media?parent=5413"}],"wp:term":[{"taxonomy":"product_brand","embeddable":true,"href":"https:\/\/www.mizuichi.jp\/es\/wp-json\/wp\/v2\/product_brand?post=5413"},{"taxonomy":"product_cat","embeddable":true,"href":"https:\/\/www.mizuichi.jp\/es\/wp-json\/wp\/v2\/product_cat?post=5413"},{"taxonomy":"product_tag","embeddable":true,"href":"https:\/\/www.mizuichi.jp\/es\/wp-json\/wp\/v2\/product_tag?post=5413"}],"curies":[{"name":"wp","href":"https:\/\/api.w.org\/{rel}","templated":true}]}}