{"id":5220,"date":"2025-08-10T09:14:11","date_gmt":"2025-08-10T09:14:11","guid":{"rendered":"https:\/\/www.mizuichi.jp\/?post_type=product&#038;p=5220"},"modified":"2025-08-10T09:14:11","modified_gmt":"2025-08-10T09:14:11","slug":"pine-needle-door-hanging-window-decoration-garland-artificial-christmas-decoration-wreaths","status":"publish","type":"product","link":"https:\/\/www.mizuichi.jp\/es\/producto\/pine-needle-door-hanging-window-decoration-garland-artificial-christmas-decoration-wreaths\/","title":{"rendered":"Aguja de pino Puerta Colgante Ventana Decoraci\u00f3n Guirnalda Artificial Navidad Decoraci\u00f3n Coronas"},"content":{"rendered":"<p>Aguja de pino Puerta Colgante Ventana Decoraci\u00f3n Guirnalda Artificial Navidad Decoraci\u00f3n Coronas<\/p>\n<h1 class=\"header-vfC6AV auto-hide-last-sibling-br\">Coronas de Navidad: Belleza festiva para su hogar<\/h1>\n<div class=\"auto-hide-last-sibling-br paragraph-JOTKXA paragraph-element br-paragraph-space\">Las coronas de Navidad son una parte esencial y atemporal de la decoraci\u00f3n navide\u00f1a, y estas coronas destacadas aportan una mezcla perfecta de encanto, calidad y versatilidad. A continuaci\u00f3n te mostramos sus caracter\u00edsticas m\u00e1s destacadas:<\/div>\n<h2 class=\"header-vfC6AV auto-hide-last-sibling-br\">1. Follaje realista y exuberante<\/h2>\n<div class=\"auto-hide-last-sibling-br paragraph-JOTKXA paragraph-element br-paragraph-space\">Elaboradas con agujas de pino artificiales de alta calidad, estas coronas imitan la textura y el color de las ramas de hoja perenne reales. Algunas est\u00e1n espolvoreadas con \"nieve\" para dar un toque invernal y m\u00e1gico, creando un ambiente festivo al instante. El denso follaje proporciona un rico tel\u00f3n de fondo para las decoraciones, garantizando un aspecto completo y vibrante.<\/div>\n<h2 class=\"header-vfC6AV auto-hide-last-sibling-br\">2. Elementos decorativos con encanto<\/h2>\n<div class=\"auto-hide-last-sibling-br paragraph-JOTKXA paragraph-element br-paragraph-space\">Adornado con acentos navide\u00f1os cl\u00e1sicos como:<\/div>\n<p>&nbsp;<\/p>\n<ul class=\"auto-hide-last-sibling-br\">\n<li><strong>Bayas rojas<\/strong>: A\u00f1ade toques de color y un aire navide\u00f1o tradicional.<\/li>\n<li><strong>Pi\u00f1as<\/strong>: Aporte un toque de naturaleza y encanto r\u00fastico.<\/li>\n<li><strong>Poinsettias\/ Lazos de arpillera<\/strong>: Introduzca elegancia y variedad. Estos detalles se combinan para crear un dise\u00f1o cohesivo y llamativo.<\/li>\n<\/ul>\n<h2 class=\"header-vfC6AV auto-hide-last-sibling-br\">3. Tama\u00f1os y estilos vers\u00e1tiles<\/h2>\n<div class=\"auto-hide-last-sibling-br paragraph-JOTKXA paragraph-element br-paragraph-space\">Disponible en diferentes di\u00e1metros y estilos para adaptarse a cualquier espacio:<\/div>\n<p>&nbsp;<\/p>\n<ul class=\"auto-hide-last-sibling-br\">\n<li><strong>Verde cl\u00e1sico<\/strong>: Ideal para temas festivos tradicionales.<\/li>\n<li><strong>Nieve - Espolvoreada<\/strong>: Perfecto para un pa\u00eds de las maravillas invernal o una est\u00e9tica minimalista.<\/li>\n<li><strong>Decorado con lazos y bayas<\/strong>: Ofrezca un aspecto \u00fanico y personalizado. Ya sea colgado en una puerta de entrada, encima de una chimenea, o como un centro de mesa, hay un estilo para que coincida con su decoraci\u00f3n.<\/li>\n<\/ul>\n<h2 class=\"header-vfC6AV auto-hide-last-sibling-br\">4. Duradero y resistente a la intemperie (para uso en exteriores)<\/h2>\n<div class=\"auto-hide-last-sibling-br paragraph-JOTKXA paragraph-element br-paragraph-space\">Fabricadas con materiales resistentes, estas coronas soportan elementos exteriores como el viento, la lluvia ligera o la nieve (si est\u00e1n dise\u00f1adas para su uso en exteriores). Los colores y los adornos se mantienen vivos para que luzcan bien durante toda la temporada, ya sea en el porche o en las paredes interiores.<\/div>\n<h2 class=\"header-vfC6AV auto-hide-last-sibling-br\">5. F\u00e1cil de colgar y mantener<\/h2>\n<div class=\"auto-hide-last-sibling-br paragraph-JOTKXA paragraph-element br-paragraph-space\">Cada corona viene con un lazo o alambre para colgarla, lo que facilita su instalaci\u00f3n. A diferencia de la vegetaci\u00f3n real, no requieren riego ni mantenimiento. Simplemente cu\u00e9lgalas y disfruta de su belleza, sin agujas que limpiar ni marchitamiento del que preocuparte.<\/div>\n<h2 class=\"header-vfC6AV auto-hide-last-sibling-br\">6. Reutilizable a\u00f1o tras a\u00f1o<\/h2>\n<div class=\"auto-hide-last-sibling-br paragraph-JOTKXA paragraph-element br-paragraph-space\">Invierte en estas coronas para utilizarlas a largo plazo. Su construcci\u00f3n duradera significa que sobrevivir\u00e1n al almacenamiento y conservar\u00e1n su forma y color, convirti\u00e9ndose en una parte querida de sus tradiciones navide\u00f1as anuales.<\/div>\n<h2 class=\"header-vfC6AV auto-hide-last-sibling-br\">7. Lienzo decorativo personalizable<\/h2>\n<div class=\"auto-hide-last-sibling-br paragraph-JOTKXA paragraph-element br-paragraph-space\">\u00bfTe gusta el bricolaje? A\u00f1ade tus propios toques -diminutos adornos, cintas o luces LED- para que la corona sea exclusivamente tuya. La base neutra (o el estilo decorado) se adapta a cualquier personalizaci\u00f3n, permiti\u00e9ndote renovar el look cada a\u00f1o.<\/div>\n<p>&nbsp;<\/p>\n<div class=\"auto-hide-last-sibling-br paragraph-JOTKXA paragraph-element br-paragraph-space\">En resumen, estas coronas navide\u00f1as ofrecen una mezcla perfecta de realismo, encanto y practicidad. Con su exuberante follaje, sus decoraciones cl\u00e1sicas y su dise\u00f1o f\u00e1cil de usar, son m\u00e1s que decoraci\u00f3n: son una forma de dar la bienvenida a las fiestas con calidez y estilo, creando un punto focal festivo que dura toda la temporada.<\/div>\n<p>&nbsp;<\/p>\n<p>&nbsp;<\/p>\n<p>&nbsp;<\/p>","protected":false},"excerpt":{"rendered":"<p>Aguja de pino Puerta Colgante Ventana Decoraci\u00f3n Guirnalda Artificial Navidad Decoraci\u00f3n Coronas<\/p>\n<table>\n<thead>\n<tr>\n<th>Par\u00e1metro<\/th>\n<th>Detalles<\/th>\n<\/tr>\n<\/thead>\n<tbody>\n<tr>\n<td>Navidad Tipo de art\u00edculo<\/td>\n<td>Decoraci\u00f3n navide\u00f1a de interior<\/td>\n<\/tr>\n<tr>\n<td>Instalaci\u00f3n<\/td>\n<td>soporte de pared<\/td>\n<\/tr>\n<tr>\n<td>Forma<\/td>\n<td>RONDA<\/td>\n<\/tr>\n<tr>\n<td>Material<\/td>\n<td>pl\u00e1stico<\/td>\n<\/tr>\n<tr>\n<td>Talla<\/td>\n<td>32<em>3<\/em>4 cm<\/td>\n<\/tr>\n<tr>\n<td>Color<\/td>\n<td>Como imagen<\/td>\n<\/tr>\n<tr>\n<td>MOQ<\/td>\n<td>48 unidades<\/td>\n<\/tr>\n<tr>\n<td>Nombre del producto<\/td>\n<td>Decoraci\u00f3n navide\u00f1a<\/td>\n<\/tr>\n<tr>\n<td>Estilo<\/td>\n<td>Navidad<\/td>\n<\/tr>\n<tr>\n<td>Aplicaci\u00f3n<\/td>\n<td>Decoraci\u00f3n navide\u00f1a<\/td>\n<\/tr>\n<\/tbody>\n<\/table>\n<p>&nbsp;<\/p>\n<p>&nbsp;<\/p>\n<p>&nbsp;<\/p>","protected":false},"featured_media":5221,"template":"","meta":[],"product_brand":[],"product_cat":[119],"product_tag":[],"class_list":{"0":"post-5220","1":"product","2":"type-product","3":"status-publish","4":"has-post-thumbnail","6":"product_cat-christmas-treeampwreath","8":"first","9":"instock","10":"sale","11":"shipping-taxable","12":"product-type-simple"},"_links":{"self":[{"href":"https:\/\/www.mizuichi.jp\/es\/wp-json\/wp\/v2\/product\/5220","targetHints":{"allow":["GET"]}}],"collection":[{"href":"https:\/\/www.mizuichi.jp\/es\/wp-json\/wp\/v2\/product"}],"about":[{"href":"https:\/\/www.mizuichi.jp\/es\/wp-json\/wp\/v2\/types\/product"}],"wp:featuredmedia":[{"embeddable":true,"href":"https:\/\/www.mizuichi.jp\/es\/wp-json\/wp\/v2\/media\/5221"}],"wp:attachment":[{"href":"https:\/\/www.mizuichi.jp\/es\/wp-json\/wp\/v2\/media?parent=5220"}],"wp:term":[{"taxonomy":"product_brand","embeddable":true,"href":"https:\/\/www.mizuichi.jp\/es\/wp-json\/wp\/v2\/product_brand?post=5220"},{"taxonomy":"product_cat","embeddable":true,"href":"https:\/\/www.mizuichi.jp\/es\/wp-json\/wp\/v2\/product_cat?post=5220"},{"taxonomy":"product_tag","embeddable":true,"href":"https:\/\/www.mizuichi.jp\/es\/wp-json\/wp\/v2\/product_tag?post=5220"}],"curies":[{"name":"wp","href":"https:\/\/api.w.org\/{rel}","templated":true}]}}