{"id":5132,"date":"2025-08-10T01:03:32","date_gmt":"2025-08-10T01:03:32","guid":{"rendered":"https:\/\/www.mizuichi.jp\/?post_type=product&#038;p=5132"},"modified":"2025-08-10T01:49:53","modified_gmt":"2025-08-10T01:49:53","slug":"home-decor-christmas-tree-santa-music-box-led-lights-party-holiday-supplies-artificial-tree-gifts","status":"publish","type":"product","link":"https:\/\/www.mizuichi.jp\/es\/producto\/home-decor-christmas-tree-santa-music-box-led-lights-party-holiday-supplies-artificial-tree-gifts\/","title":{"rendered":"Decoraci\u00f3n del Hogar \u00c1rbol de Navidad Santa Caja de M\u00fasica Luces LED Fiesta de Navidad Suministros \u00c1rbol Artificial Regalos"},"content":{"rendered":"<p>Decoraci\u00f3n del Hogar \u00c1rbol de Navidad Santa Caja de M\u00fasica Luces LED Fiesta de Navidad Suministros \u00c1rbol Artificial Regalos<\/p>\n<div class=\"entry-content-asset\"><iframe title=\"Decoraci\u00f3n del Hogar \u00c1rbol de Navidad Santa Caja de M\u00fasica Luces LED Fiesta de Navidad Suministros \u00c1rbol Artificial Regalos\" width=\"100%\" height=\"705\" data-src=\"https:\/\/www.youtube.com\/embed\/NXokRt61ih0?feature=oembed\" frameborder=\"0\" allow=\"accelerometer; autoplay; clipboard-write; encrypted-media; gyroscope; picture-in-picture; web-share\" referrerpolicy=\"strict-origin-when-cross-origin\" allowfullscreen src=\"data:image\/svg+xml;base64,PHN2ZyB3aWR0aD0iMSIgaGVpZ2h0PSIxIiB4bWxucz0iaHR0cDovL3d3dy53My5vcmcvMjAwMC9zdmciPjwvc3ZnPg==\" class=\"lazyload\" data-load-mode=\"1\"><\/iframe><\/div>\n<h1 class=\"header-vfC6AV auto-hide-last-sibling-br\">Adornos de Navidad: Un m\u00e1gico despliegue festivo<\/h1>\n<div class=\"auto-hide-last-sibling-br paragraph-JOTKXA paragraph-element br-paragraph-space\">Eleva tu decoraci\u00f3n navide\u00f1a con nuestro exquisito adorno de Navidad, una mezcla perfecta de estilo moderno y encanto festivo.<\/div>\n<h2 class=\"header-vfC6AV auto-hide-last-sibling-br\">Productos b\u00e1sicos<\/h2>\n<div class=\"auto-hide-last-sibling-br paragraph-JOTKXA paragraph-element br-paragraph-space\">Fabricado en\u00a0<strong>polietileno<\/strong>\u00a0(un material duradero y respetuoso con el medio ambiente, en consonancia con la caracter\u00edstica \"Eco Friendly\"), este adorno presenta una forma \"irregular\" \u00fanica inspirada en los \u00e1rboles de Navidad. Con unas dimensiones de 29<em>23<\/em>7 cm, es un complemento importante y llamativo para sus vacaciones.<\/div>\n<h2 class=\"header-vfC6AV auto-hide-last-sibling-br\">Dise\u00f1o y est\u00e9tica<\/h2>\n<div class=\"auto-hide-last-sibling-br paragraph-JOTKXA paragraph-element br-paragraph-space\">El ornamento, de \"atractivo dise\u00f1o\", presenta intrincados detalles. El marco exterior en forma de \u00e1rbol, con sus delicados motivos, alberga una escena festiva en miniatura en su interior. Piensa en Pap\u00e1 Noel, peque\u00f1os \u00e1rboles de Navidad y otros elementos navide\u00f1os, todo ello ba\u00f1ado en un suave y encantador resplandor. La combinaci\u00f3n de colores sigue los tonos c\u00e1lidos y festivos \"Como en la foto\", dando vida a la magia de la Navidad.<\/div>\n<h2 class=\"header-vfC6AV auto-hide-last-sibling-br\">Marca y personalizaci\u00f3n<\/h2>\n<div class=\"auto-hide-last-sibling-br paragraph-JOTKXA paragraph-element br-paragraph-space\">Bajo la marca \"MK\", esta \"caja de m\u00fasica de Pap\u00e1 Noel\" (\u00a1s\u00ed, sirve tambi\u00e9n para tocar m\u00fasica!) ofrece versatilidad. Aceptamos \"Logotipos personalizados\", lo que le permite a\u00f1adir un toque personal o de marca, ideal para empresas o para quienes buscan regalos \u00fanicos. El \"Estilo\" abarca tanto \"MODERNO\" como \"Navide\u00f1o\", lo que garantiza que encaje a la perfecci\u00f3n en la decoraci\u00f3n navide\u00f1a contempor\u00e1nea.<\/div>\n<h2 class=\"header-vfC6AV auto-hide-last-sibling-br\">Pedido y embalaje<\/h2>\n<div class=\"auto-hide-last-sibling-br paragraph-JOTKXA paragraph-element br-paragraph-space\">Con un \"MOQ\" de 200 unidades, es adecuado para la venta al por mayor (respaldado por nuestro suministro directo de \"F\u00e1brica\"). Cada adorno viene embalado de forma segura en una \"caja\", lo que garantiza un tr\u00e1nsito seguro. Ya sea para \"Mostrar\" en su casa, como parte de \"Otras decoraciones de Navidad\" en una tienda, o para difundir la alegr\u00eda de las fiestas como regalos, sirve como un maravilloso \"Christams Decoraci\u00f3n\" (nota: la ortograf\u00eda correcta \"Decoraci\u00f3n de Navidad\") .<\/div>\n<h2 class=\"header-vfC6AV auto-hide-last-sibling-br\">Funci\u00f3n y atractivo<\/h2>\n<div class=\"auto-hide-last-sibling-br paragraph-JOTKXA paragraph-element br-paragraph-space\">M\u00e1s que una simple pieza decorativa, funciona como una caja de m\u00fasica para llenar tu espacio de melod\u00edas cl\u00e1sicas navide\u00f1as. Col\u00f3cala en la repisa de la chimenea, en la mesa del comedor o como centro de mesa: su encantador dise\u00f1o y su ambiente festivo cautivar\u00e1n a todos los que la vean.<\/div>\n<p>&nbsp;<\/p>\n<div class=\"auto-hide-last-sibling-br paragraph-JOTKXA paragraph-element br-paragraph-space\">Ll\u00e9vate a casa este adorno navide\u00f1o y deja que su estilo moderno, su fabricaci\u00f3n respetuosa con el medio ambiente y su atractivo dise\u00f1o se conviertan en lo m\u00e1s destacado de tus fiestas. Perfecto para crear recuerdos y compartir la alegr\u00eda de la Navidad.<\/div>\n<p>&nbsp;<\/p>\n<p>&nbsp;<\/p>\n<p>&nbsp;<\/p>\n<p>&nbsp;<\/p>\n<p>&nbsp;<\/p>\n<p>&nbsp;<\/p>\n<p>&nbsp;<\/p>\n<p>&nbsp;<\/p>\n<p>&nbsp;<\/p>\n<p>&nbsp;<\/p>","protected":false},"excerpt":{"rendered":"<p>Decoraci\u00f3n del Hogar \u00c1rbol de Navidad Santa Caja de M\u00fasica Luces LED Fiesta de Navidad Suministros \u00c1rbol Artificial Regalos<\/p>\n<table>\n<thead>\n<tr>\n<th>Par\u00e1metro<\/th>\n<th>Detalles<\/th>\n<\/tr>\n<\/thead>\n<tbody>\n<tr>\n<td>Estilo<\/td>\n<td>MODERNO<\/td>\n<\/tr>\n<tr>\n<td>venta al por mayor<\/td>\n<td>F\u00e1brica<\/td>\n<\/tr>\n<tr>\n<td>funci\u00f3n<\/td>\n<td>Respetuoso con el medio ambiente<\/td>\n<\/tr>\n<tr>\n<td>Forma<\/td>\n<td>Irregular<\/td>\n<\/tr>\n<tr>\n<td>material<\/td>\n<td>PVC<\/td>\n<\/tr>\n<tr>\n<td>talla<\/td>\n<td>29<em>23<\/em>7 cm<\/td>\n<\/tr>\n<tr>\n<td>tipo de producto<\/td>\n<td>La caja de m\u00fasica de Pap\u00e1 Noel<\/td>\n<\/tr>\n<tr>\n<td>marca<\/td>\n<td>MK<\/td>\n<\/tr>\n<tr>\n<td>Talla<\/td>\n<td>29<em>23<\/em>7 cm<\/td>\n<\/tr>\n<tr>\n<td>Material<\/td>\n<td>polietileno<\/td>\n<\/tr>\n<tr>\n<td>Color<\/td>\n<td>Como imagen<\/td>\n<\/tr>\n<tr>\n<td>MOQ<\/td>\n<td>200 unidades<\/td>\n<\/tr>\n<tr>\n<td>Embalaje<\/td>\n<td>caja<\/td>\n<\/tr>\n<tr>\n<td>Estilo<\/td>\n<td>Navidad<\/td>\n<\/tr>\n<tr>\n<td>Nombre del producto<\/td>\n<td>Adorno navide\u00f1o<\/td>\n<\/tr>\n<tr>\n<td>Funci\u00f3n<\/td>\n<td>Mostrar<\/td>\n<\/tr>\n<tr>\n<td>Dise\u00f1o<\/td>\n<td>Dise\u00f1os atractivos<\/td>\n<\/tr>\n<tr>\n<td>Logotipo<\/td>\n<td>Logotipo personalizado<\/td>\n<\/tr>\n<\/tbody>\n<\/table>","protected":false},"featured_media":5133,"template":"","meta":[],"product_brand":[],"product_cat":[118],"product_tag":[],"class_list":{"0":"post-5132","1":"product","2":"type-product","3":"status-publish","4":"has-post-thumbnail","6":"product_cat-christmas-lightsampmusic-box","8":"first","9":"instock","10":"sale","11":"shipping-taxable","12":"product-type-simple"},"_links":{"self":[{"href":"https:\/\/www.mizuichi.jp\/es\/wp-json\/wp\/v2\/product\/5132","targetHints":{"allow":["GET"]}}],"collection":[{"href":"https:\/\/www.mizuichi.jp\/es\/wp-json\/wp\/v2\/product"}],"about":[{"href":"https:\/\/www.mizuichi.jp\/es\/wp-json\/wp\/v2\/types\/product"}],"wp:featuredmedia":[{"embeddable":true,"href":"https:\/\/www.mizuichi.jp\/es\/wp-json\/wp\/v2\/media\/5133"}],"wp:attachment":[{"href":"https:\/\/www.mizuichi.jp\/es\/wp-json\/wp\/v2\/media?parent=5132"}],"wp:term":[{"taxonomy":"product_brand","embeddable":true,"href":"https:\/\/www.mizuichi.jp\/es\/wp-json\/wp\/v2\/product_brand?post=5132"},{"taxonomy":"product_cat","embeddable":true,"href":"https:\/\/www.mizuichi.jp\/es\/wp-json\/wp\/v2\/product_cat?post=5132"},{"taxonomy":"product_tag","embeddable":true,"href":"https:\/\/www.mizuichi.jp\/es\/wp-json\/wp\/v2\/product_tag?post=5132"}],"curies":[{"name":"wp","href":"https:\/\/api.w.org\/{rel}","templated":true}]}}