{"id":5101,"date":"2025-08-09T08:25:50","date_gmt":"2025-08-09T08:25:50","guid":{"rendered":"https:\/\/www.mizuichi.jp\/?post_type=product&#038;p=5101"},"modified":"2025-08-09T08:25:50","modified_gmt":"2025-08-09T08:25:50","slug":"bmt-series-live-holder-bmt45-bmt55-bmt65","status":"publish","type":"product","link":"https:\/\/www.mizuichi.jp\/es\/producto\/bmt-series-live-holder-bmt45-bmt55-bmt65\/","title":{"rendered":"Portavivos serie BMT BMT45 BMT55 BMT65"},"content":{"rendered":"<p>Portavivos serie BMT BMT45 BMT55 BMT65<\/p>\n<p>Portapiezas Serie BMT: Accesorios motorizados avanzados para tornos CNC<br \/>\nLa serie BMT de portapunzones representa una l\u00ednea de vanguardia de accesorios de m\u00e1quina motorizados dise\u00f1ados para tornos CNC, incluidos los modelos BMT45, BMT55 y BMT65. Dise\u00f1ada para mejorar la versatilidad y la precisi\u00f3n en tareas de mecanizado complejas, esta serie es un complemento vital para las modernas configuraciones de fabricaci\u00f3n, destacando especialmente en aplicaciones como el fresado de superficies biseladas, roscas, cilindros y orificios inclinados. Con su robusto dise\u00f1o y sus avanzadas caracter\u00edsticas, el portapunz\u00f3n de la serie BMT satisface las exigentes necesidades de sectores que van desde la automoci\u00f3n hasta la industria aeroespacial.<br \/>\nUna ventaja clave del portapunzones de la serie BMT reside en su amplia gama de escenarios de aplicaci\u00f3n. Est\u00e1 especialmente dise\u00f1ado para el fresado de superficies biseladas, donde su precisi\u00f3n y estabilidad garantizan cortes angulares uniformes con tolerancias estrechas. Cuando se trata de fresar roscas, el posicionamiento preciso y el rendimiento fiable del portaherramientas garantizan perfiles de rosca uniformes, esenciales para los componentes funcionales. El fresado de cilindros es m\u00e1s eficaz gracias a sus capacidades de alta velocidad, mientras que el fresado de orificios inclinados se simplifica gracias a su gama de \u00e1ngulos ajustables, que permite la colocaci\u00f3n precisa de orificios en varias orientaciones. Estas capacidades hacen de la serie BMT una soluci\u00f3n vers\u00e1til para diversos requisitos de mecanizado, eliminando la necesidad de m\u00faltiples herramientas especializadas.<br \/>\nEl portaherramientas universal de la serie BMT cumple estrictas normas internacionales, lo que garantiza su compatibilidad y fiabilidad. Sus caras de uni\u00f3n se fabrican de acuerdo con la norma DIN 1809, una norma que garantiza unas dimensiones y un ajuste uniformes, lo que permite una integraci\u00f3n perfecta con una amplia gama de torretas de tornos CNC. Esta estandarizaci\u00f3n es crucial para los fabricantes, ya que garantiza que el soporte pueda intercambiarse f\u00e1cilmente entre m\u00e1quinas sin comprometer el rendimiento. Adem\u00e1s, la pinza del eje de salida cumple la norma DIN 6499, lo que garantiza la compatibilidad con las pinzas est\u00e1ndar y mejora la versatilidad del portaherramientas en la selecci\u00f3n de herramientas.<br \/>\nLa compatibilidad con las principales marcas de tornos CNC es otra caracter\u00edstica destacada de la serie BMT. Est\u00e1 dise\u00f1ada espec\u00edficamente para funcionar con m\u00e1quinas DOOSAN, DAEWOO y HWACHON, entre otras, lo que la convierte en una opci\u00f3n pr\u00e1ctica para las instalaciones que utilizan estas marcas populares. Esta compatibilidad reduce la necesidad de realizar modificaciones a medida, lo que ahorra tiempo y recursos durante la configuraci\u00f3n y la integraci\u00f3n. Tanto si se trata de reequipar una m\u00e1quina existente como de equipar una nueva, el portapiezas de la serie BMT ofrece una soluci\u00f3n sin complicaciones.<br \/>\nLos par\u00e1metros de producto del portaherramientas de la serie BMT ponen de relieve su capacidad de rendimiento. Presume de una gama de \u00e1ngulos ajustables de hasta +\/-90\u00b0, lo que proporciona una flexibilidad excepcional en el posicionamiento de herramientas para diversas tareas de mecanizado. El valor de indexaci\u00f3n de 0,2\u00b0 garantiza un ajuste preciso del \u00e1ngulo, lo que permite realizar cortes intrincados y precisos. Con una velocidad m\u00e1xima de 6000 RPM, el portaherramientas puede realizar operaciones de mecanizado de alta velocidad, reduciendo los tiempos de ciclo y aumentando la productividad. Estos par\u00e1metros lo hacen adecuado tanto para la producci\u00f3n de gran volumen como para la fabricaci\u00f3n centrada en la precisi\u00f3n.<br \/>\nEl portaherramientas de la serie BMT utiliza pinzas ER est\u00e1ndar, concretamente ER16 y ER20, que est\u00e1n ampliamente disponibles y son compatibles con una gran variedad de herramientas de corte. Este uso de pinzas est\u00e1ndar simplifica los cambios de herramienta y reduce los costes de inventario, ya que los fabricantes pueden utilizar su stock existente de pinzas ER. El mecanismo de bloqueo externo garantiza una sujeci\u00f3n segura de la pinza, evitando el deslizamiento de la herramienta durante el mecanizado a alta velocidad o de alta resistencia. Este m\u00e9todo de bloqueo mejora la seguridad y la estabilidad, contribuyendo a un rendimiento constante y fiable.<br \/>\nEn resumen, el portapiezas de la serie BMT es un accesorio motorizado de alto rendimiento que aporta versatilidad, precisi\u00f3n y eficacia a las m\u00e1quinas de torneado CNC. Su cumplimiento de las normas internacionales, su compatibilidad con las principales marcas de m\u00e1quinas y sus impresionantes par\u00e1metros t\u00e9cnicos lo convierten en la opci\u00f3n ideal para una amplia gama de aplicaciones de mecanizado. Tanto si se trata de fresar superficies biseladas, roscas, cilindros u orificios inclinados, el portaherramientas de la serie BMT ofrece resultados uniformes, ayudando a los fabricantes a satisfacer con confianza las exigencias de la fabricaci\u00f3n moderna.<\/p>\n<p>&nbsp;<\/p>\n<p>&nbsp;<\/p>\n<p>&nbsp;<\/p>","protected":false},"excerpt":{"rendered":"<p>Portavivos serie BMT BMT45 BMT55 BMT65<\/p>\n<table>\n<thead>\n<tr>\n<th><strong>Art\u00edculo<\/strong><\/th>\n<th><strong>Detalles<\/strong><\/th>\n<\/tr>\n<\/thead>\n<tbody>\n<tr>\n<td>v\u00eddeo salida-inspecci\u00f3n<\/td>\n<td>Proporcionado<\/td>\n<\/tr>\n<tr>\n<td>informe de ensayo de maquinaria<\/td>\n<td>Proporcionado<\/td>\n<\/tr>\n<tr>\n<td>peso (kg)<\/td>\n<td>3<\/td>\n<\/tr>\n<tr>\n<td>Modelo<\/td>\n<td>BMT40-WX-ER16<\/td>\n<\/tr>\n<tr>\n<td>Nombre del producto<\/td>\n<td>Portaherramientas universal accionado serie BMT<\/td>\n<\/tr>\n<tr>\n<td>Tama\u00f1os de portaherramientas:<\/td>\n<td>BMT40\/BMT45\/BMT55\/BMT65<\/td>\n<\/tr>\n<tr>\n<td>M\u00e9todo de bloqueo de pinzas<\/td>\n<td>Cierre exterior<\/td>\n<\/tr>\n<tr>\n<td>Tipo<\/td>\n<td>Piezas de herramientas el\u00e9ctricas<\/td>\n<\/tr>\n<tr>\n<td>Utilizaci\u00f3n<\/td>\n<td>Torno Fresadora CNC<\/td>\n<\/tr>\n<tr>\n<td>Material<\/td>\n<td>hierro fundido<\/td>\n<\/tr>\n<tr>\n<td>Ventaja<\/td>\n<td>Posicionamiento preciso<\/td>\n<\/tr>\n<\/tbody>\n<\/table>\n<p>&nbsp;<\/p>","protected":false},"featured_media":5102,"template":"","meta":[],"product_brand":[],"product_cat":[117],"product_tag":[],"class_list":{"0":"post-5101","1":"product","2":"type-product","3":"status-publish","4":"has-post-thumbnail","6":"product_cat-machine-tool-holder","8":"first","9":"instock","10":"sale","11":"shipping-taxable","12":"product-type-simple"},"_links":{"self":[{"href":"https:\/\/www.mizuichi.jp\/es\/wp-json\/wp\/v2\/product\/5101","targetHints":{"allow":["GET"]}}],"collection":[{"href":"https:\/\/www.mizuichi.jp\/es\/wp-json\/wp\/v2\/product"}],"about":[{"href":"https:\/\/www.mizuichi.jp\/es\/wp-json\/wp\/v2\/types\/product"}],"wp:featuredmedia":[{"embeddable":true,"href":"https:\/\/www.mizuichi.jp\/es\/wp-json\/wp\/v2\/media\/5102"}],"wp:attachment":[{"href":"https:\/\/www.mizuichi.jp\/es\/wp-json\/wp\/v2\/media?parent=5101"}],"wp:term":[{"taxonomy":"product_brand","embeddable":true,"href":"https:\/\/www.mizuichi.jp\/es\/wp-json\/wp\/v2\/product_brand?post=5101"},{"taxonomy":"product_cat","embeddable":true,"href":"https:\/\/www.mizuichi.jp\/es\/wp-json\/wp\/v2\/product_cat?post=5101"},{"taxonomy":"product_tag","embeddable":true,"href":"https:\/\/www.mizuichi.jp\/es\/wp-json\/wp\/v2\/product_tag?post=5101"}],"curies":[{"name":"wp","href":"https:\/\/api.w.org\/{rel}","templated":true}]}}