{"id":5097,"date":"2025-08-09T08:20:47","date_gmt":"2025-08-09T08:20:47","guid":{"rendered":"https:\/\/www.mizuichi.jp\/?post_type=product&#038;p=5097"},"modified":"2025-08-09T08:20:47","modified_gmt":"2025-08-09T08:20:47","slug":"vdi-din-69880-tool-holder-turret-b1-b2-c1-c2-vdi30-40-50","status":"publish","type":"product","link":"https:\/\/www.mizuichi.jp\/es\/producto\/vdi-din-69880-tool-holder-turret-b1-b2-c1-c2-vdi30-40-50\/","title":{"rendered":"VDI DIN 69880 Portaherramientas Torreta B1 B2 C1 C2 VDI30 40 50"},"content":{"rendered":"<p>VDI DIN 69880 Portaherramientas Torreta B1 B2 C1 C2 VDI30 40 50<\/p>\n<p>Portaherramientas NC Serie VDI DIN 69880: Soluciones vers\u00e1tiles para tornos CNC<br \/>\nLa serie de portaherramientas NC VDI DIN 69880 representa una completa gama de portaherramientas de precisi\u00f3n dise\u00f1ados para mejorar el rendimiento de las torretas de tornos CNC. Esta serie, que incluye los modelos B1, B2, C1 y C2 y es compatible con las especificaciones VDI30, 40 y 50, combina el estricto cumplimiento de las normas internacionales con caracter\u00edsticas vers\u00e1tiles, lo que la convierte en un activo indispensable para diversas aplicaciones de mecanizado, desde la ingenier\u00eda general hasta la fabricaci\u00f3n aeroespacial de alta precisi\u00f3n.<br \/>\nEl n\u00facleo de esta serie es su conformidad con la norma DIN 69880, que garantiza dimensiones, funcionalidad y compatibilidad uniformes en todas las variantes. Esta estandarizaci\u00f3n permite una integraci\u00f3n perfecta con las torretas VDI de los tama\u00f1os correspondientes (VDI30, 40, 50), eliminando los obst\u00e1culos de compatibilidad y reduciendo el tiempo de configuraci\u00f3n para los fabricantes. Tanto si equipa un peque\u00f1o torno CNC como un centro de producci\u00f3n a gran escala, la serie garantiza un rendimiento constante, un factor cr\u00edtico para mantener la eficacia tanto en trabajos personalizados de bajo volumen como en la producci\u00f3n en serie de gran volumen.<br \/>\nLa precisi\u00f3n es un sello distintivo de la serie de portaherramientas NC, empezando por el v\u00e1stago cil\u00edndrico mecanizado con tolerancia IT6 (h6). Este exigente est\u00e1ndar garantiza un ajuste firme y seguro dentro de la torreta, minimizando el juego radial y mejorando la estabilidad durante la rotaci\u00f3n a alta velocidad. La reducci\u00f3n de las vibraciones no s\u00f3lo mejora la calidad del acabado superficial, sino que tambi\u00e9n protege tanto a la herramienta como a la pieza de posibles da\u00f1os, especialmente cuando se mecanizan materiales con estrictos requisitos de tolerancia, como componentes m\u00e9dicos o piezas de precisi\u00f3n de automoci\u00f3n.<br \/>\nCada portaherramientas es duradero gracias al proceso de cementaci\u00f3n total. Este proceso crea una capa exterior endurecida (dureza superficial de 58 \u00b1 2 HRC) para una resistencia excepcional al desgaste, al tiempo que conserva un n\u00facleo resistente con una fuerza superior a 1000 N\/mm\u00b2 para absorber las tensiones mec\u00e1nicas. Este equilibrio hace que los portaherramientas sean resistentes a los rigores de las operaciones de corte pesadas, prolongando la vida \u00fatil y reduciendo la frecuencia de sustituci\u00f3n, una ventaja que ahorra costes en las instalaciones de producci\u00f3n m\u00e1s ajetreadas.<br \/>\nLos componentes clave, incluidos el eje, el dentado, la cara de asiento, el orificio de fijaci\u00f3n, la placa de sujeci\u00f3n y el orificio de fijaci\u00f3n, se someten a un rectificado de precisi\u00f3n. Este meticuloso proceso garantiza la planitud, el paralelismo y la precisi\u00f3n dimensional, que son fundamentales para mantener un posicionamiento uniforme de la herramienta. El resultado es un rendimiento repetible en m\u00faltiples configuraciones, lo que garantiza una calidad uniforme de las piezas en la producci\u00f3n por lotes y reduce la necesidad de recalibrado frecuente.<br \/>\nLa versatilidad se ve reforzada por las caracter\u00edsticas ajustables adaptadas a las diversas necesidades de mecanizado. Cada soporte puede ajustarse r\u00e1pidamente a la altura de corte inmediatamente inferior, adapt\u00e1ndose a los requisitos cambiantes de la pieza de trabajo sin necesidad de herramientas especializadas. Adem\u00e1s, dos tornillos de tope permiten ajustar con precisi\u00f3n la posici\u00f3n de la fresa, lo que permite un control preciso de la profundidad y la altura de corte, esencial para operaciones como el refrentado, el ranurado o el roscado. Esta adaptabilidad hace que la serie sea adecuada tanto para tareas de mecanizado sencillas como complejas, eliminando la necesidad de m\u00faltiples soportes espec\u00edficos.<br \/>\nEl mecanismo de sujeci\u00f3n cuenta con placas de presi\u00f3n montadas sobre muelles que fijan la fresa con una fuerza constante, evitando el deslizamiento incluso en condiciones de alto par o vibraci\u00f3n. Esta sujeci\u00f3n fiable mejora la estabilidad del corte, prolonga la vida \u00fatil de la herramienta al minimizar el desgaste prematuro y reduce el riesgo de errores costosos durante el mecanizado.<br \/>\nEl eficaz suministro de refrigerante se consigue mediante boquillas de bola internas, que pueden ajustarse r\u00e1pidamente utilizando un nuevo dispositivo de fijaci\u00f3n. El flujo \u00f3ptimo de refrigerante a la zona de corte reduce la acumulaci\u00f3n de calor, elimina las virutas y prolonga la vida \u00fatil de la herramienta, algo especialmente valioso en el mecanizado a alta velocidad o cuando se trabaja con materiales sensibles al calor como el titanio o el Inconel.<br \/>\nTal y como especifica la norma DIN 69880, cada soporte incluye un rebaje en la cara de sellado del v\u00e1stago para alojar un anillo de sellado opcional. Esta caracter\u00edstica evita las fugas de refrigerante, protege los componentes internos de la torreta de la contaminaci\u00f3n y mejora la fiabilidad general del sistema, reduciendo el tiempo de inactividad por mantenimiento.<br \/>\nEn resumen, la serie de portaherramientas NC VDI DIN 69880 -que incluye los modelos B1, B2, C1, C2 y los tipos VDI30, 40, 50- ofrece precisi\u00f3n, durabilidad y versatilidad para los modernos tornos CNC. Su cumplimiento de las normas, su construcci\u00f3n robusta y su dise\u00f1o adaptable lo convierten en una opci\u00f3n fiable para los fabricantes que buscan un rendimiento constante, tiempos de inactividad reducidos y resultados de alta calidad en diversas aplicaciones industriales.<\/p>","protected":false},"excerpt":{"rendered":"<p>VDI DIN 69880 Portaherramientas Torreta B1 B2 C1 C2 VDI30 40 50<\/p>\n<table>\n<thead>\n<tr>\n<th><strong>Art\u00edculo<\/strong><\/th>\n<th><strong>Detalles<\/strong><\/th>\n<\/tr>\n<\/thead>\n<tbody>\n<tr>\n<td>Tipo de m\u00e1quina<\/td>\n<td>Punzonadora, FRESADORA, Torno, Rectificadora, Taladradora, Mandrinadora, Torneadora, Conformadora, Planificadora<\/td>\n<\/tr>\n<tr>\n<td>v\u00eddeo salida-inspecci\u00f3n<\/td>\n<td>Proporcionado<\/td>\n<\/tr>\n<tr>\n<td>informe de ensayo de maquinaria<\/td>\n<td>Proporcionado<\/td>\n<\/tr>\n<tr>\n<td>peso (kg)<\/td>\n<td>3.5<\/td>\n<\/tr>\n<tr>\n<td>Utilizaci\u00f3n<\/td>\n<td>Torno Fresadora CNC<\/td>\n<\/tr>\n<tr>\n<td>Aplicaci\u00f3n<\/td>\n<td>Torreta de m\u00e1quina CNC<\/td>\n<\/tr>\n<tr>\n<td>Tipo<\/td>\n<td>Est\u00e1ndar<\/td>\n<\/tr>\n<tr>\n<td>Material<\/td>\n<td>hierro fundido<\/td>\n<\/tr>\n<tr>\n<td>Modelo<\/td>\n<td>Modelo est\u00e1ndar<\/td>\n<\/tr>\n<tr>\n<td>Ventaja<\/td>\n<td>Posicionamiento preciso<\/td>\n<\/tr>\n<tr>\n<td>Precisi\u00f3n<\/td>\n<td>Alta precisi\u00f3n Alto rendimiento<\/td>\n<\/tr>\n<\/tbody>\n<\/table>","protected":false},"featured_media":5098,"template":"","meta":[],"product_brand":[],"product_cat":[117],"product_tag":[],"class_list":{"0":"post-5097","1":"product","2":"type-product","3":"status-publish","4":"has-post-thumbnail","6":"product_cat-machine-tool-holder","8":"first","9":"instock","10":"sale","11":"shipping-taxable","12":"product-type-simple"},"_links":{"self":[{"href":"https:\/\/www.mizuichi.jp\/es\/wp-json\/wp\/v2\/product\/5097","targetHints":{"allow":["GET"]}}],"collection":[{"href":"https:\/\/www.mizuichi.jp\/es\/wp-json\/wp\/v2\/product"}],"about":[{"href":"https:\/\/www.mizuichi.jp\/es\/wp-json\/wp\/v2\/types\/product"}],"wp:featuredmedia":[{"embeddable":true,"href":"https:\/\/www.mizuichi.jp\/es\/wp-json\/wp\/v2\/media\/5098"}],"wp:attachment":[{"href":"https:\/\/www.mizuichi.jp\/es\/wp-json\/wp\/v2\/media?parent=5097"}],"wp:term":[{"taxonomy":"product_brand","embeddable":true,"href":"https:\/\/www.mizuichi.jp\/es\/wp-json\/wp\/v2\/product_brand?post=5097"},{"taxonomy":"product_cat","embeddable":true,"href":"https:\/\/www.mizuichi.jp\/es\/wp-json\/wp\/v2\/product_cat?post=5097"},{"taxonomy":"product_tag","embeddable":true,"href":"https:\/\/www.mizuichi.jp\/es\/wp-json\/wp\/v2\/product_tag?post=5097"}],"curies":[{"name":"wp","href":"https:\/\/api.w.org\/{rel}","templated":true}]}}