{"id":5080,"date":"2025-08-09T06:59:57","date_gmt":"2025-08-09T06:59:57","guid":{"rendered":"https:\/\/www.mizuichi.jp\/?post_type=product&#038;p=5080"},"modified":"2025-08-09T06:59:57","modified_gmt":"2025-08-09T06:59:57","slug":"slt-series-8-12-station-tool-tailstock-turret","status":"publish","type":"product","link":"https:\/\/www.mizuichi.jp\/es\/producto\/slt-series-8-12-station-tool-tailstock-turret\/","title":{"rendered":"SLT Serie 8 Torreta portaherramientas de 12 estaciones"},"content":{"rendered":"<p>SLT Serie 8 Torreta portaherramientas de 12 estaciones<\/p>\n<p>Torreta servo NC Serie SLT: Precisi\u00f3n y versatilidad para el mecanizado moderno<br \/>\nEn el cambiante panorama de la fabricaci\u00f3n de precisi\u00f3n, la torreta servo NC de la serie SLT destaca como una soluci\u00f3n de vanguardia dise\u00f1ada para mejorar el rendimiento de los tornos CNC y los centros de torneado. Este avanzado sistema de torreta combina la tecnolog\u00eda de servomotor con un robusto dise\u00f1o mec\u00e1nico, ofreciendo una precisi\u00f3n de indexado excepcional, cambios de herramienta r\u00e1pidos y funciones personalizables, lo que la convierte en la mejor opci\u00f3n para sectores como el de la automoci\u00f3n, el aeroespacial y la ingenier\u00eda de precisi\u00f3n.<br \/>\nEl n\u00facleo del rendimiento de la serie SLT es la adopci\u00f3n de un servomotor para la translocaci\u00f3n del disco de la herramienta. Este sistema de accionamiento de alta precisi\u00f3n garantiza la exactitud de la indexaci\u00f3n, lo que permite un posicionamiento de la herramienta constante y fiable incluso en operaciones de alta velocidad. El servomotor permite cambios r\u00e1pidos de herramienta, reduciendo significativamente el tiempo de inactividad entre pasos de mecanizado, y admite la translocaci\u00f3n bidireccional con selecci\u00f3n de herramienta m\u00e1s cercana. Esta funci\u00f3n inteligente optimiza las secuencias de cambio de herramienta dando prioridad a la herramienta m\u00e1s cercana a la posici\u00f3n de trabajo actual, minimizando la rotaci\u00f3n innecesaria y aumentando a\u00fan m\u00e1s la productividad en entornos de producci\u00f3n de gran volumen.<br \/>\nLa serie SLT incorpora un acoplamiento Hirth triple de alta precisi\u00f3n emparejado con dispositivos de sujeci\u00f3n hidr\u00e1ulicos, una combinaci\u00f3n que proporciona una precisi\u00f3n de indexaci\u00f3n excepcional y una sujeci\u00f3n fiable. El acoplamiento Hirth, conocido por su capacidad para proporcionar un posicionamiento angular preciso, garantiza que las herramientas se alineen con un error m\u00ednimo, lo que es fundamental para aplicaciones que requieren tolerancias estrechas. El sistema de amarre hidr\u00e1ulico a\u00f1ade robustez, generando fuerza suficiente para mantener las herramientas firmemente en su sitio durante las operaciones de corte pesado. Esta estabilidad es esencial cuando se mecanizan materiales duros o se realizan cortes agresivos, ya que minimiza las vibraciones y mantiene un rendimiento de corte constante.<br \/>\nUna caracter\u00edstica clave del dise\u00f1o de la serie SLT es su preciso mecanismo de deceleraci\u00f3n, que reduce el ruido de funcionamiento y mejora la capacidad de la torreta para soportar cargas de alto par. Este mecanismo garantiza un movimiento suave y controlado durante los cambios de herramienta, evitando paradas repentinas que podr\u00edan causar desgaste o imprecisiones. La reducci\u00f3n del nivel de ruido tambi\u00e9n contribuye a crear un entorno de trabajo m\u00e1s c\u00f3modo, lo que la hace adecuada para un uso prolongado en instalaciones de fabricaci\u00f3n con mucho trabajo. Adem\u00e1s, la capacidad de la torreta para manejar cargas de alto par ampl\u00eda su gama de aplicaciones, lo que le permite abordar tareas de mecanizado exigentes con facilidad.<br \/>\nLa versatilidad es un rasgo definitorio de la serie SLT, que permite fabricar torretas con 4, 6, 8, 12 o m\u00e1s estaciones seg\u00fan las necesidades espec\u00edficas del cliente. Esta flexibilidad garantiza que la torreta pueda adaptarse a la complejidad de las tareas de mecanizado en cuesti\u00f3n, ya sea para una producci\u00f3n sencilla de bajo volumen o para una fabricaci\u00f3n compleja de gran volumen. Adem\u00e1s, tanto el disco como los portaherramientas pueden personalizarse para satisfacer requisitos exclusivos, lo que permite una integraci\u00f3n perfecta con herramientas especializadas o procesos de mecanizado no est\u00e1ndar. Este nivel de personalizaci\u00f3n hace que la serie SLT se adapte a una amplia gama de aplicaciones industriales.<br \/>\nProfundizando en sus especificaciones t\u00e9cnicas, la serie SLT ofrece cuatro variantes con alturas de centro de 63 mm, 80 mm, 100 mm y 125 mm, que se adaptan a distintos tama\u00f1os de pieza y requisitos de mecanizado. El n\u00famero de herramientas permitido var\u00eda seg\u00fan los modelos, con opciones adecuadas tanto para inventarios de herramientas peque\u00f1os como grandes. En t\u00e9rminos de velocidad, la torreta demuestra un rendimiento impresionante: girar 45\u00b0 y sujetar tarda entre 0,9 y 1,8 segundos, mientras que girar 180\u00b0 y sujetar oscila entre 1,2 y 2,5 segundos, lo que garantiza transiciones r\u00e1pidas entre herramientas.<br \/>\nLa fuerza de sujeci\u00f3n es una caracter\u00edstica destacada, con valores que van desde 1200 kg para el modelo de altura central de 63 mm hasta 5200 kg para el modelo de 125 mm, lo que pone de relieve la capacidad de la torreta para manejar grandes fuerzas de corte. La presi\u00f3n de trabajo hidr\u00e1ulica es constante en todos los modelos, de 3,5\u00b10,5 MPa, con caudales de aceite hidr\u00e1ulico que oscilan entre 20 y 30 U\/min, lo que garantiza un suministro de potencia adecuado para un funcionamiento fiable.<br \/>\nLa precisi\u00f3n est\u00e1 garantizada con una exactitud de indexaci\u00f3n de \u00b14\u2033 y una exactitud de repetibilidad de \u00b11,6\u2033 en todas las variantes, lo que garantiza resultados uniformes en m\u00faltiples ciclos de mecanizado. El peso neto, excluido el disco de herramientas, oscila entre 50 kg y 150 kg, equilibrando la estabilidad estructural con la facilidad de integraci\u00f3n en diversas configuraciones de m\u00e1quina herramienta.<br \/>\nEn resumen, la torreta servo NC de la serie SLT representa una combinaci\u00f3n perfecta de precisi\u00f3n, velocidad y adaptabilidad. Su servomotor, su acoplamiento de alta precisi\u00f3n, su dise\u00f1o personalizable y su s\u00f3lido rendimiento la convierten en un activo inestimable para las operaciones de mecanizado modernas. Tanto en la producci\u00f3n de grandes vol\u00famenes como en la fabricaci\u00f3n a medida, la serie SLT ofrece la fiabilidad y eficacia necesarias para satisfacer las demandas del competitivo panorama de fabricaci\u00f3n actual.<\/p>\n<p>&nbsp;<\/p>\n<p>&nbsp;<\/p>\n<p>&nbsp;<\/p>\n<p>&nbsp;<\/p>","protected":false},"excerpt":{"rendered":"<p>SLT Serie 8 Torreta portaherramientas de 12 estaciones<\/p>\n<table>\n<thead>\n<tr>\n<th><strong>Art\u00edculo<\/strong><\/th>\n<th><strong>Detalles<\/strong><\/th>\n<\/tr>\n<\/thead>\n<tbody>\n<tr>\n<td>informe de ensayo de maquinaria<\/td>\n<td>Proporcionado<\/td>\n<\/tr>\n<tr>\n<td>aplicaci\u00f3n<\/td>\n<td>FRESADORA<\/td>\n<\/tr>\n<tr>\n<td>v\u00eddeo salida-inspecci\u00f3n<\/td>\n<td>Proporcionado<\/td>\n<\/tr>\n<tr>\n<td>est\u00e1ndar<\/td>\n<td>Otros<\/td>\n<\/tr>\n<tr>\n<td>componentes b\u00e1sicos<\/td>\n<td>Cojinete, motor<\/td>\n<\/tr>\n<tr>\n<td>peso (kg)<\/td>\n<td>80<\/td>\n<\/tr>\n<tr>\n<td>Altura central de la torreta<\/td>\n<td>63mm\/80mm\/100mm\/125mm<\/td>\n<\/tr>\n<tr>\n<td>N\u00famero de trayectorias<\/td>\n<td>8\/12<\/td>\n<\/tr>\n<tr>\n<td>Tiempo 45 de cambio de herramienta<\/td>\n<td>0,8\/1,1\/1,4\/1,8 seg.<\/td>\n<\/tr>\n<tr>\n<td>Tiempo 180 de cambio de herramienta<\/td>\n<td>1,2\/1,4\/1,9\/2,5 seg.<\/td>\n<\/tr>\n<tr>\n<td>Fuerza de sujeci\u00f3n<\/td>\n<td>1200\/2800\/3200\/5200 kg<\/td>\n<\/tr>\n<tr>\n<td>presi\u00f3n hidr\u00e1ulica de trabajo<\/td>\n<td>3.5+\/-0.5<\/td>\n<\/tr>\n<tr>\n<td>Caudal<\/td>\n<td>20\/22\/25\/30 L\/min<\/td>\n<\/tr>\n<tr>\n<td>Precisi\u00f3n de indexaci\u00f3n<\/td>\n<td>+\/- 4<\/td>\n<\/tr>\n<tr>\n<td>Precisi\u00f3n de la repetibilidad<\/td>\n<td>+\/- 1.6<\/td>\n<\/tr>\n<tr>\n<td>Peso neto<\/td>\n<td>50\/68\/88\/150 kg<\/td>\n<\/tr>\n<\/tbody>\n<\/table>\n<p>&nbsp;<\/p>\n<p>&nbsp;<\/p>","protected":false},"featured_media":5081,"template":"","meta":[],"product_brand":[],"product_cat":[116],"product_tag":[],"class_list":{"0":"post-5080","1":"product","2":"type-product","3":"status-publish","4":"has-post-thumbnail","6":"product_cat-cnc-turret","8":"first","9":"instock","10":"sale","11":"shipping-taxable","12":"product-type-simple"},"_links":{"self":[{"href":"https:\/\/www.mizuichi.jp\/es\/wp-json\/wp\/v2\/product\/5080","targetHints":{"allow":["GET"]}}],"collection":[{"href":"https:\/\/www.mizuichi.jp\/es\/wp-json\/wp\/v2\/product"}],"about":[{"href":"https:\/\/www.mizuichi.jp\/es\/wp-json\/wp\/v2\/types\/product"}],"wp:featuredmedia":[{"embeddable":true,"href":"https:\/\/www.mizuichi.jp\/es\/wp-json\/wp\/v2\/media\/5081"}],"wp:attachment":[{"href":"https:\/\/www.mizuichi.jp\/es\/wp-json\/wp\/v2\/media?parent=5080"}],"wp:term":[{"taxonomy":"product_brand","embeddable":true,"href":"https:\/\/www.mizuichi.jp\/es\/wp-json\/wp\/v2\/product_brand?post=5080"},{"taxonomy":"product_cat","embeddable":true,"href":"https:\/\/www.mizuichi.jp\/es\/wp-json\/wp\/v2\/product_cat?post=5080"},{"taxonomy":"product_tag","embeddable":true,"href":"https:\/\/www.mizuichi.jp\/es\/wp-json\/wp\/v2\/product_tag?post=5080"}],"curies":[{"name":"wp","href":"https:\/\/api.w.org\/{rel}","templated":true}]}}