{"id":4845,"date":"2025-08-05T14:34:17","date_gmt":"2025-08-05T14:34:17","guid":{"rendered":"http:\/\/www.mizuichi.jp\/?post_type=product&#038;p=4845"},"modified":"2025-08-09T04:44:39","modified_gmt":"2025-08-09T04:44:39","slug":"chain-type-vertical-and-horizontal-tool-magazine","status":"publish","type":"product","link":"https:\/\/www.mizuichi.jp\/es\/producto\/chain-type-vertical-and-horizontal-tool-magazine\/","title":{"rendered":"ALMAC\u00c9N DE HERRAMIENTAS VERTICAL Y HORIZONTAL DE CADENA"},"content":{"rendered":"<p>ALMAC\u00c9N DE HERRAMIENTAS VERTICAL Y HORIZONTAL DE CADENA<br \/>\nEn el \u00e1mbito del mecanizado moderno, la eficacia, la versatilidad y la fiabilidad son primordiales, y el almac\u00e9n de herramientas vertical y horizontal tipo cadena destaca como un componente cr\u00edtico dise\u00f1ado para satisfacer estas demandas. Este avanzado sistema de almacenamiento y cambio de herramientas est\u00e1 dise\u00f1ado para mejorar la productividad de las m\u00e1quinas herramienta CNC, ofreciendo una combinaci\u00f3n perfecta de resistencia, adaptabilidad y precisi\u00f3n que satisface diversas aplicaciones industriales.<br \/>\nUna caracter\u00edstica definitoria de este almac\u00e9n de herramientas es su cambiador de herramientas hidr\u00e1ulico de tipo cremallera, que destaca en la manipulaci\u00f3n de herramientas pesadas y largas, una capacidad que lo distingue en entornos de mecanizado de alta exigencia. A diferencia de los sistemas convencionales que tienen dificultades con las herramientas m\u00e1s grandes o pesadas, este dise\u00f1o garantiza una manipulaci\u00f3n estable y segura, reduciendo el riesgo de da\u00f1os en las herramientas o interrupciones operativas. Esto lo convierte en la opci\u00f3n ideal para sectores como el aeroespacial, la automoci\u00f3n y la fabricaci\u00f3n de maquinaria pesada, donde las tareas de mecanizado suelen implicar herramientas de corte voluminosas o alargadas.<br \/>\nEl almac\u00e9n de herramientas verticales y horizontales de tipo cadena cuenta con una s\u00f3lida estructura que proporciona una gran estabilidad durante el funcionamiento. Esta integridad estructural es crucial, ya que minimiza las vibraciones y garantiza un rendimiento constante incluso durante los cambios r\u00e1pidos de herramienta o el uso prolongado. Tanto si se integra en centros de mecanizado vertical como en mandrinadoras horizontales, la robusta construcci\u00f3n del almac\u00e9n garantiza un funcionamiento fiable, contribuyendo a mejorar la precisi\u00f3n del mecanizado y a reducir los tiempos de inactividad.<br \/>\nOtra ventaja clave es su adaptabilidad no est\u00e1ndar, que permite la personalizaci\u00f3n seg\u00fan la forma y los requisitos espec\u00edficos de la m\u00e1quina herramienta. Esta flexibilidad garantiza que el almac\u00e9n de herramientas pueda integrarse perfectamente en una amplia gama de configuraciones de m\u00e1quinas, eliminando los problemas de compatibilidad y optimizando la eficacia del flujo de trabajo. Los fabricantes pueden adaptar el sistema a sus necesidades de producci\u00f3n espec\u00edficas, ya sea modificando la disposici\u00f3n por limitaciones de espacio o ajustando las capacidades para el mecanizado de grandes vol\u00famenes.<br \/>\nProfundizando en sus especificaciones, el almac\u00e9n de herramientas ofrece dos especificaciones principales de bolsillos para adaptarse a diferentes est\u00e1ndares de herramientas: BT40\/CAT40\/DIN40\/HSK63 y BT50\/CAT50\/DIN50\/HSK100. La variante BT40\/CAT40 proporciona capacidades de herramienta de 40T, 48T o 60T, mientras que la opci\u00f3n BT50\/CAT50 ofrece 40T, 60T o 120T, lo que la hace adecuada tanto para tareas de precisi\u00f3n a peque\u00f1a escala como para series de producci\u00f3n a gran escala.<br \/>\nEn cuanto a las dimensiones de la herramienta, el modelo BT40\/CAT40 admite un di\u00e1metro m\u00e1ximo de herramienta de 75 mm cuando los bolsillos adyacentes est\u00e1n llenos y de 127 mm cuando est\u00e1n vac\u00edos, con un peso m\u00e1ximo de herramienta de 8 kg. La variante BT50\/CAT50, de mayor tama\u00f1o, ampl\u00eda estas capacidades y admite un di\u00e1metro m\u00e1ximo de herramienta de 125 mm (bolsillos adyacentes llenos) o 250 mm (vac\u00edos) y un peso m\u00e1ximo de herramienta de 25 kg, lo que subraya a\u00fan m\u00e1s su idoneidad para aplicaciones de trabajo pesado.<br \/>\nLa eficiencia es una caracter\u00edstica distintiva de este sistema, con un tiempo de cambio de herramienta de tan s\u00f3lo 3 segundos (ATC) a 50 Hz para ambas especificaciones, un cambio r\u00e1pido que minimiza el tiempo de inactividad y aumenta la productividad general. La velocidad del almac\u00e9n es igualmente impresionante, con el modelo BT40\/CAT40 funcionando a 0,65 segundos por herramienta y el BT50\/CAT50 a 0,85 segundos por herramienta, lo que garantiza un acceso r\u00e1pido a la herramienta necesaria para un mecanizado sin interrupciones.<br \/>\nEl modo de gesti\u00f3n de herramientas emplea un sistema de selecci\u00f3n aleatoria, que permite a los operarios acceder a cualquier herramienta del almac\u00e9n sin orden secuencial, agilizando el flujo de trabajo y reduciendo los tiempos de preparaci\u00f3n. La selecci\u00f3n de cambio de herramienta se realiza mediante un mecanismo hidr\u00e1ulico de cremallera y engranaje, que garantiza cambios de herramienta suaves, precisos y repetibles, mejorando la coherencia operativa y reduciendo el margen de error.<br \/>\nEn resumen, el almac\u00e9n de herramientas vertical y horizontal tipo cadena es una soluci\u00f3n vers\u00e1til y robusta que eleva el rendimiento de los centros de mecanizado CNC. Su capacidad para manejar herramientas pesadas, adaptarse a configuraciones no est\u00e1ndar y ofrecer operaciones r\u00e1pidas y estables lo convierten en un activo inestimable para los fabricantes que buscan optimizar la productividad y la precisi\u00f3n. Tanto en la producci\u00f3n de grandes vol\u00famenes como en el mecanizado a medida, este almac\u00e9n de herramientas demuestra ser un socio fiable para afrontar los retos de la fabricaci\u00f3n moderna.<\/p>","protected":false},"excerpt":{"rendered":"<p>ALMAC\u00c9N DE HERRAMIENTAS VERTICAL Y HORIZONTAL DE CADENA<\/p>\n<table>\n<thead>\n<tr>\n<th><strong>Art\u00edculo<\/strong><\/th>\n<th><strong>Detalles<\/strong><\/th>\n<\/tr>\n<\/thead>\n<tbody>\n<tr>\n<td>Tipo de m\u00e1quina<\/td>\n<td>Punzonadora, FRESADORA, Torno, Rectificadora, Taladradora, Mandrinadora, Torneadora, Conformadora, Planificadora<\/td>\n<\/tr>\n<tr>\n<td>v\u00eddeo salida-inspecci\u00f3n<\/td>\n<td>Proporcionado<\/td>\n<\/tr>\n<tr>\n<td>informe de ensayo de maquinaria<\/td>\n<td>Proporcionado<\/td>\n<\/tr>\n<tr>\n<td>peso (kg)<\/td>\n<td>300<\/td>\n<\/tr>\n<tr>\n<td>Capacidad de la herramienta<\/td>\n<td>40T\/ 48T \/ 60T<\/td>\n<\/tr>\n<tr>\n<td>Longitud m\u00e1x. de la herramienta<\/td>\n<td>300 mm<\/td>\n<\/tr>\n<tr>\n<td>Peso m\u00e1x. de la herramienta<\/td>\n<td>8 kg<\/td>\n<\/tr>\n<tr>\n<td>Di\u00e1metro m\u00e1x. de la herramienta (a plena carga)<\/td>\n<td>80 mm<\/td>\n<\/tr>\n<tr>\n<td>Di\u00e1metro m\u00e1x. de la herramienta (no adyacente)<\/td>\n<td>150 mm<\/td>\n<\/tr>\n<tr>\n<td>Di\u00e1metro m\u00e1ximo de la herramienta con el bolsillo adyacente lleno<\/td>\n<td>75\/127<\/td>\n<\/tr>\n<tr>\n<td>Selecci\u00f3n de cambio de herramienta<\/td>\n<td>Mecanismo hidr\u00e1ulico de rocas y engranajes<\/td>\n<\/tr>\n<tr>\n<td>Modo de gesti\u00f3n de herramientas<\/td>\n<td>Al azar<\/td>\n<\/tr>\n<tr>\n<td>Ventaja<\/td>\n<td>Posicionamiento preciso<\/td>\n<\/tr>\n<\/tbody>\n<\/table>","protected":false},"featured_media":4846,"template":"","meta":[],"product_brand":[],"product_cat":[115],"product_tag":[],"class_list":{"0":"post-4845","1":"product","2":"type-product","3":"status-publish","4":"has-post-thumbnail","6":"product_cat-cnc-tool-magazine","8":"first","9":"instock","10":"sale","11":"shipping-taxable","12":"product-type-simple"},"_links":{"self":[{"href":"https:\/\/www.mizuichi.jp\/es\/wp-json\/wp\/v2\/product\/4845","targetHints":{"allow":["GET"]}}],"collection":[{"href":"https:\/\/www.mizuichi.jp\/es\/wp-json\/wp\/v2\/product"}],"about":[{"href":"https:\/\/www.mizuichi.jp\/es\/wp-json\/wp\/v2\/types\/product"}],"wp:featuredmedia":[{"embeddable":true,"href":"https:\/\/www.mizuichi.jp\/es\/wp-json\/wp\/v2\/media\/4846"}],"wp:attachment":[{"href":"https:\/\/www.mizuichi.jp\/es\/wp-json\/wp\/v2\/media?parent=4845"}],"wp:term":[{"taxonomy":"product_brand","embeddable":true,"href":"https:\/\/www.mizuichi.jp\/es\/wp-json\/wp\/v2\/product_brand?post=4845"},{"taxonomy":"product_cat","embeddable":true,"href":"https:\/\/www.mizuichi.jp\/es\/wp-json\/wp\/v2\/product_cat?post=4845"},{"taxonomy":"product_tag","embeddable":true,"href":"https:\/\/www.mizuichi.jp\/es\/wp-json\/wp\/v2\/product_tag?post=4845"}],"curies":[{"name":"wp","href":"https:\/\/api.w.org\/{rel}","templated":true}]}}